


{"id":278224,"date":"2020-11-17T15:52:47","date_gmt":"2020-11-17T14:52:47","guid":{"rendered":"https:\/\/www.mpitech.com\/?page_id=278224"},"modified":"2025-09-23T10:09:12","modified_gmt":"2025-09-23T09:09:12","slug":"kontakt","status":"publish","type":"page","link":"https:\/\/www.mpitech.com\/de\/kontakt\/","title":{"rendered":"Kontakt"},"content":{"rendered":"<p>[et_pb_section fb_built=&#8220;1&#8243; admin_label=&#8220;Hero Zone &#8211; H1, H2, paragraph&#8220; _builder_version=&#8220;4.19.5&#8243; _module_preset=&#8220;default&#8220; background_color_gradient_start=&#8220;#416075&#8243; background_color_gradient_end=&#8220;rgba(0,0,0,0.3)&#8220; background_image=&#8220;https:\/\/www.mpitech.com\/wp-content\/uploads\/contact-data-syscom-mpi-tech.webp&#8220; height=&#8220;350px&#8220; custom_margin=&#8220;||||false|false&#8220; bottom_divider_color=&#8220;gcid-93936d21-409f-4d2c-9f9c-988770c9fdc3&#8243; bottom_divider_flip=&#8220;horizontal&#8220; global_colors_info=&#8220;{%22gcid-93936d21-409f-4d2c-9f9c-988770c9fdc3%22:%91%22bottom_divider_color%22%93}&#8220;][et_pb_row use_custom_gutter=&#8220;on&#8220; gutter_width=&#8220;1&#8243; _builder_version=&#8220;4.19.5&#8243; _module_preset=&#8220;default&#8220; width=&#8220;70%&#8220; width_tablet=&#8220;95%&#8220; width_phone=&#8220;95%&#8220; width_last_edited=&#8220;on|phone&#8220; max_width=&#8220;95%&#8220; module_alignment=&#8220;center&#8220; custom_margin=&#8220;||||false|false&#8220; custom_margin_tablet=&#8220;0px||||false|false&#8220; custom_margin_phone=&#8220;0em||||false|false&#8220; custom_margin_last_edited=&#8220;on|phone&#8220; global_colors_info=&#8220;{}&#8220;][et_pb_column type=&#8220;4_4&#8243; _builder_version=&#8220;4.16&#8243; _module_preset=&#8220;default&#8220; global_colors_info=&#8220;{}&#8220;][et_pb_text _builder_version=&#8220;4.17.6&#8243; _module_preset=&#8220;default&#8220; text_font=&#8220;Poppins||||||||&#8220; text_text_color=&#8220;#FFFFFF&#8220; text_font_size=&#8220;20px&#8220; text_line_height=&#8220;1.8em&#8220; header_font=&#8220;Poppins|600|||||||&#8220; header_text_color=&#8220;#FFFFFF&#8220; header_font_size=&#8220;46px&#8220; header_line_height=&#8220;1.5em&#8220; header_2_font=&#8220;Poppins|600|||||||&#8220; header_2_text_color=&#8220;#FFFFFF&#8220; header_2_line_height=&#8220;1.5em&#8220; text_orientation=&#8220;center&#8220; width=&#8220;100%&#8220; custom_padding=&#8220;2em||||false|false&#8220; text_font_size_tablet=&#8220;16px&#8220; text_font_size_phone=&#8220;14px&#8220; text_font_size_last_edited=&#8220;on|phone&#8220; header_font_size_tablet=&#8220;36px&#8220; header_font_size_phone=&#8220;30px&#8220; header_font_size_last_edited=&#8220;on|phone&#8220; header_2_font_size_tablet=&#8220;20px&#8220; header_2_font_size_phone=&#8220;20px&#8220; header_2_font_size_last_edited=&#8220;on|phone&#8220; global_colors_info=&#8220;{}&#8220;]<\/p>\n<h1>So l\u00e4sst sich MPI Tech kontaktieren.<\/h1>\n<p><\/p>\n<p>Einfach das untenstehende Kontaktformular ausf\u00fcllen.<\/p>\n<p><\/p>\n<p>Das Team meldet sich in K\u00fcrze.<\/p>\n<p><\/p>\n<p>&nbsp;<\/p>\n<p>[\/et_pb_text][\/et_pb_column][\/et_pb_row][\/et_pb_section][et_pb_section fb_built=&#8220;1&#8243; disabled_on=&#8220;on|on|off&#8220; _builder_version=&#8220;4.16&#8243; _module_preset=&#8220;default&#8220; background_color=&#8220;gcid-8339cae1-8886-4e7e-ac53-1d635c1ad749&#8243; width=&#8220;100%&#8220; max_width=&#8220;100%&#8220; custom_padding=&#8220;4px||6px|||&#8220; global_module=&#8220;242934&#8243; locked=&#8220;off&#8220; global_colors_info=&#8220;{%22gcid-8339cae1-8886-4e7e-ac53-1d635c1ad749%22:%91%22background_color%22%93}&#8220;][et_pb_row make_equal=&#8220;on&#8220; _builder_version=&#8220;4.21.0&#8243; _module_preset=&#8220;default&#8220; width=&#8220;89%&#8220; max_width=&#8220;89%&#8220; custom_padding=&#8220;6px||3px||false|false&#8220; global_colors_info=&#8220;{}&#8220;][et_pb_column type=&#8220;4_4&#8243; _builder_version=&#8220;4.16&#8243; _module_preset=&#8220;default&#8220; global_colors_info=&#8220;{}&#8220;][et_pb_text admin_label=&#8220;RankMath Breadcrumbs shortcode&#8220; _builder_version=&#8220;4.21.0&#8243; _module_preset=&#8220;default&#8220; global_colors_info=&#8220;{}&#8220;]<\/p>\n<nav aria-label=\"breadcrumbs\" class=\"rank-math-breadcrumb\"><p><span class=\"last\">Startseite<\/span><\/p><\/nav>\n<p>[\/et_pb_text][\/et_pb_column][\/et_pb_row][\/et_pb_section][et_pb_section fb_built=&#8220;1&#8243; admin_label=&#8220;Email Text Section above form&#8220; _builder_version=&#8220;4.16&#8243; background_color=&#8220;gcid-8339cae1-8886-4e7e-ac53-1d635c1ad749&#8243; custom_padding=&#8220;0px|0px|2px|0px||&#8220; bottom_divider_color=&#8220;#aad3df&#8220; bottom_divider_flip=&#8220;horizontal&#8220; global_colors_info=&#8220;{%22gcid-9f449d1e-8247-48dc-bd43-7dbbfffa7802%22:%91%22bottom_divider_color%22%93}&#8220;][et_pb_row column_structure=&#8220;1_2,1_2&#8243; use_custom_gutter=&#8220;on&#8220; gutter_width=&#8220;2&#8243; admin_label=&#8220;CONTACT FORM AND INFO&#8220; _builder_version=&#8220;4.16&#8243; _module_preset=&#8220;default&#8220; width=&#8220;100%&#8220; custom_padding=&#8220;23px|||||&#8220; global_colors_info=&#8220;{}&#8220;][et_pb_column type=&#8220;1_2&#8243; _builder_version=&#8220;4.16&#8243; _module_preset=&#8220;default&#8220; global_colors_info=&#8220;{}&#8220;][et_pb_blurb title=&#8220;Kontakt zum Vertriebsteam&#8220; use_icon=&#8220;on&#8220; font_icon=&#8220;&#xe0e9;||divi||400&#8243; icon_color=&#8220;gcid-0d24489f-1a7d-489f-a276-8f389c9a7009&#8243; image_icon_width=&#8220;50px&#8220; content_max_width=&#8220;470px&#8220; _builder_version=&#8220;4.20.2&#8243; header_font=&#8220;Poppins|600|||||||&#8220; header_text_align=&#8220;center&#8220; header_font_size=&#8220;16px&#8220; header_line_height=&#8220;1.4em&#8220; body_font=&#8220;Poppins||||||||&#8220; body_text_align=&#8220;center&#8220; body_font_size=&#8220;16px&#8220; background_color=&#8220;RGBA(255,255,255,0)&#8220; text_orientation=&#8220;center&#8220; custom_margin=&#8220;||20px||false|false&#8220; custom_padding=&#8220;30px|30px|30px|30px|true|false&#8220; animation=&#8220;off&#8220; border_radii=&#8220;off|24px|4px|24px|4px&#8220; border_color_all=&#8220;#cb1e19&#8243; icon_font_size=&#8220;56px&#8220; locked=&#8220;off&#8220; global_colors_info=&#8220;{%22gcid-0d24489f-1a7d-489f-a276-8f389c9a7009%22:%91%22icon_color%22%93}&#8220;]<\/p>\n<p>F\u00fcr Fragen, Bedarfsanalysen und individuelle Demos steht das Vertriebsteam zur Verf\u00fcgung.<\/p>\n<p>[\/et_pb_blurb][et_pb_blurb title=&#8220;Kontakt zum Support&#8220; use_icon=&#8220;on&#8220; font_icon=&#8220;&#x77;||divi||400&#8243; icon_color=&#8220;gcid-0d24489f-1a7d-489f-a276-8f389c9a7009&#8243; image_icon_width=&#8220;50px&#8220; content_max_width=&#8220;470px&#8220; _builder_version=&#8220;4.20.2&#8243; header_font=&#8220;Poppins|600|||||||&#8220; header_text_align=&#8220;center&#8220; header_font_size=&#8220;16px&#8220; header_line_height=&#8220;1.4em&#8220; body_font=&#8220;Poppins||||||||&#8220; body_text_align=&#8220;center&#8220; body_font_size=&#8220;16px&#8220; background_color=&#8220;RGBA(255,255,255,0)&#8220; text_orientation=&#8220;center&#8220; custom_margin=&#8220;||20px||false|false&#8220; custom_padding=&#8220;30px|30px|30px|30px|true|false&#8220; animation=&#8220;off&#8220; border_radii=&#8220;off|24px|4px|24px|4px&#8220; border_color_all=&#8220;#cb1e19&#8243; icon_font_size=&#8220;56px&#8220; locked=&#8220;off&#8220; global_colors_info=&#8220;{%22gcid-0d24489f-1a7d-489f-a276-8f389c9a7009%22:%91%22icon_color%22,%22icon_color%22,%22icon_color%22,%22icon_color%22,%22icon_color%22,%22icon_color%22,%22icon_color%22%93,%22gcid-2145f729-fe7e-478c-a30e-9a17bc150c83%22:%91%22header_text_color%22,%22header_text_color%22%93}&#8220;]<\/p>\n<p style=\"text-align: center;\">Unser Hotline-Service steht Ihnen zur Verf\u00fcgung, um technische Fragen zu beantworten und alle Vorf\u00e4lle zu beheben.<\/p>\n<p>[\/et_pb_blurb][et_pb_blurb title=&#8220;Funktion anfragen&#8220; use_icon=&#8220;on&#8220; font_icon=&#8220;&#x54;||divi||400&#8243; icon_color=&#8220;gcid-0d24489f-1a7d-489f-a276-8f389c9a7009&#8243; image_icon_width=&#8220;50px&#8220; content_max_width=&#8220;470px&#8220; _builder_version=&#8220;4.20.2&#8243; header_font=&#8220;Poppins|600|||||||&#8220; header_text_align=&#8220;center&#8220; header_font_size=&#8220;16px&#8220; header_line_height=&#8220;1.4em&#8220; body_font=&#8220;Poppins||||||||&#8220; body_text_align=&#8220;center&#8220; body_font_size=&#8220;16px&#8220; background_color=&#8220;RGBA(255,255,255,0)&#8220; text_orientation=&#8220;center&#8220; custom_margin=&#8220;||20px||false|false&#8220; custom_padding=&#8220;30px|30px|30px|30px|true|false&#8220; animation=&#8220;off&#8220; border_radii=&#8220;off|24px|4px|24px|4px&#8220; border_color_all=&#8220;#cb1e19&#8243; icon_font_size=&#8220;56px&#8220; locked=&#8220;off&#8220; global_colors_info=&#8220;{%22gcid-0d24489f-1a7d-489f-a276-8f389c9a7009%22:%91%22icon_color%22,%22icon_color%22,%22icon_color%22,%22icon_color%22,%22icon_color%22,%22icon_color%22,%22icon_color%22,%22icon_color%22,%22icon_color%22,%22icon_color%22,%22icon_color%22,%22icon_color%22,%22icon_color%22,%22icon_color%22,%22icon_color%22,%22icon_color%22,%22icon_color%22,%22icon_color%22%93,%22gcid-2145f729-fe7e-478c-a30e-9a17bc150c83%22:%91%22header_text_color%22,%22header_text_color%22,%22header_text_color%22,%22header_text_color%22%93}&#8220;]<\/p>\n<p>Wer bereits Nutzer ist und sich individuelle Funktionen w\u00fcnscht oder Ideen f\u00fcr kommende Versionen hat, kann die Anforderungen jederzeit weitergeben.<\/p>\n<p>[\/et_pb_blurb][\/et_pb_column][et_pb_column type=&#8220;1_2&#8243; _builder_version=&#8220;4.16&#8243; _module_preset=&#8220;default&#8220; background_color=&#8220;#FFFFFF&#8220; custom_padding=&#8220;20px|40px|30px|40px|false|true&#8220; border_radii=&#8220;off|24px|4px|24px|4px&#8220; box_shadow_style=&#8220;preset3&#8243; box_shadow_color=&#8220;rgba(34,56,101,0.12)&#8220; global_colors_info=&#8220;{}&#8220;][et_pb_text _builder_version=&#8220;4.16&#8243; _module_preset=&#8220;default&#8220; global_colors_info=&#8220;{}&#8220;]<\/p>\n<form id=\"forminator-module-282669\" class=\"forminator-custom-form forminator-custom-form-282669\" method=\"post\" data-forminator-render=\"0\" data-uid=\"69d905467e4a8\"><div role=\"alert\" aria-live=\"polite\" class=\"forminator-response-message forminator-error\" aria-hidden=\"true\"><\/div><\/form>\n<p>[\/et_pb_text][\/et_pb_column][\/et_pb_row][et_pb_row _builder_version=&#8220;4.16&#8243; _module_preset=&#8220;default&#8220; custom_padding=&#8220;57px|||||&#8220; global_colors_info=&#8220;{}&#8220;][et_pb_column type=&#8220;4_4&#8243; _builder_version=&#8220;4.16&#8243; _module_preset=&#8220;default&#8220; global_colors_info=&#8220;{}&#8220;][et_pb_text _builder_version=&#8220;4.19.5&#8243; _module_preset=&#8220;default&#8220; header_2_text_align=&#8220;center&#8220; header_2_font_size=&#8220;36px&#8220; global_colors_info=&#8220;{}&#8220;]<\/p>\n<h2><span class=\"mpi-underline-yellow\">MPI Tech<\/span> Niederlassungen<\/h2>\n<p>[\/et_pb_text][\/et_pb_column][\/et_pb_row][\/et_pb_section][et_pb_section fb_built=&#8220;1&#8243; _builder_version=&#8220;4.21.0&#8243; _module_preset=&#8220;default&#8220; background_color=&#8220;#aad3df&#8220; min_height_tablet=&#8220;&#8220; min_height_phone=&#8220;400px&#8220; min_height_last_edited=&#8220;on|phone&#8220; custom_margin=&#8220;||0px||false|false&#8220; custom_padding=&#8220;0px||15px||false|false&#8220; bottom_divider_style=&#8220;slant2&#8243; bottom_divider_color=&#8220;gcid-1af5dc59-97dc-4130-bcaf-0f29a44aeb5c&#8220; bottom_divider_flip=&#8220;horizontal&#8220; bottom_divider_arrangement=&#8220;above_content&#8220; global_colors_info=&#8220;{%22gcid-1af5dc59-97dc-4130-bcaf-0f29a44aeb5c%22:%91%22bottom_divider_color%22%93}&#8220;][et_pb_row use_custom_gutter=&#8220;on&#8220; gutter_width=&#8220;1&#8243; _builder_version=&#8220;4.21.0&#8243; _module_preset=&#8220;default&#8220; width=&#8220;100%&#8220; max_width=&#8220;100%&#8220; custom_margin=&#8220;0px||0px||false|false&#8220; custom_padding=&#8220;0px||0px||false|false&#8220; global_colors_info=&#8220;{}&#8220;][et_pb_column type=&#8220;4_4&#8243; _builder_version=&#8220;4.16&#8243; _module_preset=&#8220;default&#8220; global_colors_info=&#8220;{}&#8220;][et_pb_code _builder_version=&#8220;4.16&#8243; _module_preset=&#8220;default&#8220; global_colors_info=&#8220;{}&#8220;]<pee><div class=\"map_wrapper\" id=\"map_wrapper_246870\">\n<div class=\"map_box\" style=\"max-width:2200px\">\n<div class=\"map_aspect_ratio\" style=\"padding-top:30%\" data-padding-top=\"30%\" data-padding-top-mobile=\"0%\">\n<div class=\"map_container\">\n<div class=\"map_render map_loading\" id=\"map_246870\"><\/div>\n<\/div>\n<\/div>\n<\/div>\n<\/div><\/pee>[\/et_pb_code][\/et_pb_column][\/et_pb_row][\/et_pb_section][et_pb_section fb_built=&#8220;1&#8243; module_class=&#8220;mpi-parallax&#8220; _builder_version=&#8220;4.16&#8243; _module_preset=&#8220;default&#8220; background_enable_color=&#8220;off&#8220; background_color_gradient_start=&#8220;gcid-0d24489f-1a7d-489f-a276-8f389c9a7009&#8243; background_color_gradient_end=&#8220;rgba(0,0,0,0.24)&#8220; background_image=&#8220;https:\/\/www.mpitech.com\/wp-content\/uploads\/bg-demo-for-parallax-scaled.webp&#8220; parallax=&#8220;on&#8220; custom_padding=&#8220;10px||50px||false|false&#8220; bottom_divider_style=&#8220;slant2&#8243; bottom_divider_color=&#8220;#f8fbfe&#8220; bottom_divider_flip=&#8220;horizontal&#8220; saved_tabs=&#8220;all&#8220; locked=&#8220;off&#8220; global_colors_info=&#8220;{%22gcid-9f449d1e-8247-48dc-bd43-7dbbfffa7802%22:%91%22bottom_divider_color%22%93,%22gcid-0d24489f-1a7d-489f-a276-8f389c9a7009%22:%91%22colorStart%22%93}&#8220;][et_pb_row _builder_version=&#8220;4.21.0&#8243; custom_margin=&#8220;||0px||false|false&#8220; locked=&#8220;off&#8220; global_colors_info=&#8220;{}&#8220;][et_pb_column type=&#8220;4_4&#8243; _builder_version=&#8220;4.16&#8243; custom_padding=&#8220;|||&#8220; global_colors_info=&#8220;{}&#8220; custom_padding__hover=&#8220;|||&#8220;][et_pb_text admin_label=&#8220;Title&#8220; _builder_version=&#8220;4.21.0&#8243; text_font=&#8220;Poppins||||||||&#8220; text_font_size=&#8220;18px&#8220; text_line_height=&#8220;1.8em&#8220; link_font=&#8220;||||||||&#8220; ul_font=&#8220;||||||||&#8220; ol_font=&#8220;||||||||&#8220; quote_font=&#8220;||||||||&#8220; header_font=&#8220;||||||||&#8220; header_text_align=&#8220;center&#8220; header_text_color=&#8220;#ffffff&#8220; header_2_font=&#8220;Poppins|600|||||||&#8220; header_2_text_align=&#8220;center&#8220; header_2_text_color=&#8220;#ffffff&#8220; header_2_font_size=&#8220;30px&#8220; header_2_letter_spacing=&#8220;1px&#8220; header_2_line_height=&#8220;1.5em&#8220; header_3_font=&#8220;||||||||&#8220; header_4_font=&#8220;||||||||&#8220; header_5_font=&#8220;||||||||&#8220; header_6_font=&#8220;Lato|700|||||||&#8220; header_6_font_size=&#8220;18px&#8220; header_6_letter_spacing=&#8220;1px&#8220; header_6_line_height=&#8220;1.8em&#8220; text_orientation=&#8220;right&#8220; header_2_font_size_tablet=&#8220;&#8220; header_2_font_size_phone=&#8220;22px&#8220; header_2_font_size_last_edited=&#8220;on|phone&#8220; global_colors_info=&#8220;{}&#8220;]<\/p>\n<h2 class=\"mb-0\" style=\"text-align: center;\">Das MPI Tech B\u00fcro in der N\u00e4he finden.<\/h2>\n<p>[\/et_pb_text][et_pb_text _builder_version=&#8220;4.27.4&#8243; _module_preset=&#8220;default&#8220; text_orientation=&#8220;center&#8220; hover_enabled=&#8220;0&#8243; global_colors_info=&#8220;{}&#8220; sticky_enabled=&#8220;0&#8243;]<\/p>\n<p class=\"dsc-btn-losange-white dsc-txt-center\"><a href=\"https:\/\/www.mpitech.com\/contact\/our-offices\/\">Unsere MPI Tech B\u00fcros entdecken<\/a><\/p>\n<p><\/p>\n<p>&nbsp;<\/p>\n<p>[\/et_pb_text][\/et_pb_column][\/et_pb_row][\/et_pb_section][et_pb_section fb_built=&#8220;1&#8243; _builder_version=&#8220;4.21.0&#8243; _module_preset=&#8220;default&#8220; background_color=&#8220;#FFFFFF&#8220; bottom_divider_style=&#8220;slant2&#8243; bottom_divider_color=&#8220;gcid-1af5dc59-97dc-4130-bcaf-0f29a44aeb5c&#8220; bottom_divider_flip=&#8220;horizontal&#8220; global_colors_info=&#8220;{%22gcid-1af5dc59-97dc-4130-bcaf-0f29a44aeb5c%22:%91%22bottom_divider_color%22%93}&#8220;][et_pb_row _builder_version=&#8220;4.21.0&#8243; _module_preset=&#8220;default&#8220; global_colors_info=&#8220;{}&#8220;][et_pb_column type=&#8220;4_4&#8243; _builder_version=&#8220;4.21.0&#8243; _module_preset=&#8220;default&#8220; global_colors_info=&#8220;{}&#8220;][et_pb_text _builder_version=&#8220;4.21.0&#8243; _module_preset=&#8220;default&#8220; global_colors_info=&#8220;{}&#8220;]<\/p>\n<h2 class=\"mb-0\" style=\"text-align: center;\">Oder kontaktieren Sie den <span class=\"mpi-underline-yellow\">MPI Tech H\u00e4ndler<\/span> in Ihrer N\u00e4he<\/h2>\n<p>[\/et_pb_text][et_pb_text _builder_version=&#8220;4.27.4&#8243; _module_preset=&#8220;default&#8220; text_orientation=&#8220;center&#8220; hover_enabled=&#8220;0&#8243; global_colors_info=&#8220;{}&#8220; sticky_enabled=&#8220;0&#8243;]<\/p>\n<p class=\"dsc-btn-losange\"><a href=\"https:\/\/www.mpitech.com\/contact\/resellers\/\">Unsere H\u00e4ndler entdecken<\/a><\/p>\n<p><\/p>\n<p>&nbsp;<\/p>\n<p>[\/et_pb_text][\/et_pb_column][\/et_pb_row][\/et_pb_section]<\/p>","protected":false},"excerpt":{"rendered":"<p>So l\u00e4sst sich MPI Tech kontaktieren.Einfach das untenstehende Kontaktformular ausf\u00fcllen.Das Team meldet sich in K\u00fcrze.&nbsp;<nav aria-label=\"breadcrumbs\" class=\"rank-math-breadcrumb\"><p><span class=\"last\">Startseite<\/span><\/p><\/nav>F\u00fcr Fragen, Bedarfsanalysen und individuelle Demos steht das Vertriebsteam zur Verf\u00fcgung.Unser Hotline-Service steht Ihnen zur Verf\u00fcgung, um technische Fragen zu beantworten und alle Vorf\u00e4lle zu beheben.Wer bereits Nutzer ist und sich individuelle Funktionen w\u00fcnscht oder Ideen f\u00fcr kommende Versionen hat, kann [&hellip;]<\/p>","protected":false},"author":2,"featured_media":278225,"parent":0,"menu_order":0,"comment_status":"closed","ping_status":"closed","template":"","meta":{"_et_pb_use_builder":"on","_et_pb_old_content":"","_et_gb_content_width":"","_searchwp_excluded":"","footnotes":""},"class_list":["post-278224","page","type-page","status-publish","has-post-thumbnail","hentry"],"_links":{"self":[{"href":"https:\/\/www.mpitech.com\/de\/wp-json\/wp\/v2\/pages\/278224","targetHints":{"allow":["GET"]}}],"collection":[{"href":"https:\/\/www.mpitech.com\/de\/wp-json\/wp\/v2\/pages"}],"about":[{"href":"https:\/\/www.mpitech.com\/de\/wp-json\/wp\/v2\/types\/page"}],"author":[{"embeddable":true,"href":"https:\/\/www.mpitech.com\/de\/wp-json\/wp\/v2\/users\/2"}],"replies":[{"embeddable":true,"href":"https:\/\/www.mpitech.com\/de\/wp-json\/wp\/v2\/comments?post=278224"}],"version-history":[{"count":0,"href":"https:\/\/www.mpitech.com\/de\/wp-json\/wp\/v2\/pages\/278224\/revisions"}],"wp:featuredmedia":[{"embeddable":true,"href":"https:\/\/www.mpitech.com\/de\/wp-json\/wp\/v2\/media\/278225"}],"wp:attachment":[{"href":"https:\/\/www.mpitech.com\/de\/wp-json\/wp\/v2\/media?parent=278224"}],"curies":[{"name":"wp","href":"https:\/\/api.w.org\/{rel}","templated":true}]}}