


{"id":278238,"date":"2020-11-17T15:58:32","date_gmt":"2020-11-17T14:58:32","guid":{"rendered":"https:\/\/www.mpitech.com\/?page_id=278238"},"modified":"2025-10-09T17:04:23","modified_gmt":"2025-10-09T16:04:23","slug":"sektoren","status":"publish","type":"page","link":"https:\/\/www.mpitech.com\/de\/sektoren\/","title":{"rendered":"Sektoren"},"content":{"rendered":"<p>[et_pb_section fb_built=&#8220;1&#8243; admin_label=&#8220;Hero Zone &#8211; H1, H2, paragraph&#8220; _builder_version=&#8220;4.19.5&#8243; _module_preset=&#8220;default&#8220; background_color_gradient_start=&#8220;#416075&#8243; background_color_gradient_end=&#8220;rgba(0,0,0,0.3)&#8220; background_image=&#8220;https:\/\/www.mpitech.com\/wp-content\/uploads\/homme-d-affaires.webp&#8220; height=&#8220;350px&#8220; custom_margin=&#8220;||||false|false&#8220; bottom_divider_color=&#8220;gcid-93936d21-409f-4d2c-9f9c-988770c9fdc3&#8243; bottom_divider_flip=&#8220;horizontal&#8220; global_colors_info=&#8220;{%22gcid-93936d21-409f-4d2c-9f9c-988770c9fdc3%22:%91%22bottom_divider_color%22%93}&#8220;][et_pb_row use_custom_gutter=&#8220;on&#8220; gutter_width=&#8220;1&#8243; _builder_version=&#8220;4.19.5&#8243; _module_preset=&#8220;default&#8220; width=&#8220;70%&#8220; width_tablet=&#8220;85%&#8220; width_phone=&#8220;95%&#8220; width_last_edited=&#8220;on|tablet&#8220; max_width=&#8220;95%&#8220; module_alignment=&#8220;center&#8220; custom_margin=&#8220;||||false|false&#8220; custom_margin_tablet=&#8220;0px||||false|false&#8220; custom_margin_phone=&#8220;0em||||false|false&#8220; custom_margin_last_edited=&#8220;on|phone&#8220; global_colors_info=&#8220;{}&#8220;][et_pb_column type=&#8220;4_4&#8243; _builder_version=&#8220;4.16&#8243; _module_preset=&#8220;default&#8220; global_colors_info=&#8220;{}&#8220;][et_pb_text _builder_version=&#8220;4.21.0&#8243; _module_preset=&#8220;default&#8220; text_font=&#8220;Poppins||||||||&#8220; text_text_color=&#8220;#FFFFFF&#8220; text_font_size=&#8220;20px&#8220; text_line_height=&#8220;24px&#8220; header_font=&#8220;Poppins|600|||||||&#8220; header_text_color=&#8220;#FFFFFF&#8220; header_font_size=&#8220;46px&#8220; header_line_height=&#8220;1.5em&#8220; header_2_font=&#8220;Poppins|600|||||||&#8220; header_2_text_color=&#8220;#FFFFFF&#8220; header_2_line_height=&#8220;1.5em&#8220; text_orientation=&#8220;center&#8220; custom_padding=&#8220;2em||||false|false&#8220; text_font_size_tablet=&#8220;16px&#8220; text_font_size_phone=&#8220;14px&#8220; text_font_size_last_edited=&#8220;on|phone&#8220; header_font_size_tablet=&#8220;36px&#8220; header_font_size_phone=&#8220;30px&#8220; header_font_size_last_edited=&#8220;on|phone&#8220; header_2_font_size_tablet=&#8220;20px&#8220; header_2_font_size_phone=&#8220;20px&#8220; header_2_font_size_last_edited=&#8220;on|phone&#8220; global_colors_info=&#8220;{}&#8220;]<\/p>\n<h1>L\u00f6sungen f\u00fcr alle<br \/>Gesch\u00e4ftsbereiche<\/h1>\n<p><\/p>\n<p>Beh\u00f6rden, Versicherungen &amp; Krankenkassen, Banken &amp; Finanzen, Industrie &amp; Logistik, Gesundheitswesen, Print-Services&#8230;<\/p>\n<p>[\/et_pb_text][\/et_pb_column][\/et_pb_row][\/et_pb_section][et_pb_section fb_built=&#8220;1&#8243; disabled_on=&#8220;on|on|off&#8220; _builder_version=&#8220;4.16&#8243; _module_preset=&#8220;default&#8220; background_color=&#8220;gcid-8339cae1-8886-4e7e-ac53-1d635c1ad749&#8243; width=&#8220;100%&#8220; max_width=&#8220;100%&#8220; custom_padding=&#8220;4px||6px|||&#8220; global_module=&#8220;242934&#8243; locked=&#8220;off&#8220; global_colors_info=&#8220;{%22gcid-8339cae1-8886-4e7e-ac53-1d635c1ad749%22:%91%22background_color%22%93}&#8220;][et_pb_row make_equal=&#8220;on&#8220; _builder_version=&#8220;4.21.0&#8243; _module_preset=&#8220;default&#8220; width=&#8220;89%&#8220; max_width=&#8220;89%&#8220; custom_padding=&#8220;6px||3px||false|false&#8220; global_colors_info=&#8220;{}&#8220;][et_pb_column type=&#8220;4_4&#8243; _builder_version=&#8220;4.16&#8243; _module_preset=&#8220;default&#8220; global_colors_info=&#8220;{}&#8220;][et_pb_text admin_label=&#8220;RankMath Breadcrumbs shortcode&#8220; _builder_version=&#8220;4.21.0&#8243; _module_preset=&#8220;default&#8220; global_colors_info=&#8220;{}&#8220;]<\/p>\n<nav aria-label=\"breadcrumbs\" class=\"rank-math-breadcrumb\"><p><span class=\"last\">Startseite<\/span><\/p><\/nav>\n<p>[\/et_pb_text][\/et_pb_column][\/et_pb_row][\/et_pb_section][et_pb_section fb_built=&#8220;1&#8243; admin_label=&#8220;Section under Breadcrumbs&#8220; _builder_version=&#8220;4.16&#8243; background_color=&#8220;gcid-8339cae1-8886-4e7e-ac53-1d635c1ad749&#8243; custom_margin=&#8220;0px||0px||true|false&#8220; custom_padding=&#8220;0px||100px||false|false&#8220; bottom_divider_style=&#8220;slant2&#8243; bottom_divider_color=&#8220;gcid-9f449d1e-8247-48dc-bd43-7dbbfffa7802&#8243; bottom_divider_flip=&#8220;horizontal&#8220; global_colors_info=&#8220;{%22gcid-9f449d1e-8247-48dc-bd43-7dbbfffa7802%22:%91%22bottom_divider_color%22%93}&#8220;][et_pb_row column_structure=&#8220;1_3,1_3,1_3&#8243; use_custom_gutter=&#8220;on&#8220; gutter_width=&#8220;2&#8243; make_equal=&#8220;on&#8220; admin_label=&#8220;Branchen: Verwaltung, Versicherungen, Finanzen&#8220; _builder_version=&#8220;4.16&#8243; custom_padding=&#8220;|||&#8220; saved_tabs=&#8220;all&#8220; global_colors_info=&#8220;{}&#8220;][et_pb_column type=&#8220;1_3&#8243; _builder_version=&#8220;4.16&#8243; background_color_gradient_direction=&#8220;243deg&#8220; custom_padding=&#8220;|||&#8220; global_colors_info=&#8220;{}&#8220; custom_padding__hover=&#8220;|||&#8220;][et_pb_blurb title=&#8220;\u00d6ffentliche Einrichtungen&#8220; image=&#8220;https:\/\/www.mpitech.com\/wp-content\/uploads\/dematerialisation-editique-secteur-administration.webp&#8220; content_max_width_tablet=&#8220;450px&#8220; content_max_width_phone=&#8220;450px&#8220; content_max_width_last_edited=&#8220;on|tablet&#8220; module_class=&#8220;blurb-space&#8220; _builder_version=&#8220;4.27.4&#8243; _module_preset=&#8220;default&#8220; header_font=&#8220;|600|||||||&#8220; header_text_align=&#8220;center&#8220; header_text_color=&#8220;gcid-0d24489f-1a7d-489f-a276-8f389c9a7009&#8243; header_font_size=&#8220;16px&#8220; body_text_align=&#8220;center&#8220; body_line_height=&#8220;17px&#8220; background_color=&#8220;#FFFFFF&#8220; max_width_tablet=&#8220;450px&#8220; max_width_phone=&#8220;450px&#8220; max_width_last_edited=&#8220;on|tablet&#8220; module_alignment=&#8220;center&#8220; height=&#8220;375px&#8220; height_tablet=&#8220;100%&#8220; height_phone=&#8220;100%&#8220; height_last_edited=&#8220;on|phone&#8220; custom_padding=&#8220;0px||3em|0px|false|false&#8220; hover_enabled=&#8220;0&#8243; module_alignment_tablet=&#8220;center&#8220; module_alignment_phone=&#8220;center&#8220; module_alignment_last_edited=&#8220;on|tablet&#8220; border_radii=&#8220;off|24px|4px|24px|4px&#8220; box_shadow_style=&#8220;preset2&#8243; box_shadow_blur=&#8220;12px&#8220; global_colors_info=&#8220;{%22gcid-0d24489f-1a7d-489f-a276-8f389c9a7009%22:%91%22header_text_color%22,%22header_text_color%22,%22header_text_color%22%93,%22gcid-2145f729-fe7e-478c-a30e-9a17bc150c83%22:%91%22box_shadow_color__hover%22%93}&#8220; custom_css_main_element_last_edited=&#8220;on|tablet&#8220; box_shadow_blur__hover=&#8220;18px&#8220; box_shadow_blur__hover_enabled=&#8220;on|hover&#8220; box_shadow_color__hover=&#8220;#686d74&#8243; box_shadow_color__hover_enabled=&#8220;on|hover&#8220; link_option_url=&#8220;\/?page_id=248274&#8243; sticky_enabled=&#8220;0&#8243;]<\/p>\n<p>Branchensoftware f\u00fcr Dokumenten- und Druckmanagement<\/p>\n<p>[\/et_pb_blurb][\/et_pb_column][et_pb_column type=&#8220;1_3&#8243; _builder_version=&#8220;4.16&#8243; background_color_gradient_direction=&#8220;243deg&#8220; custom_padding=&#8220;|||&#8220; global_colors_info=&#8220;{}&#8220; custom_padding__hover=&#8220;|||&#8220;][et_pb_blurb title=&#8220;Versicherungen &amp; Krankenkassen&#8220; image=&#8220;https:\/\/www.mpitech.com\/wp-content\/uploads\/dematerialisation-secteur-assurance-mutuelle.webp&#8220; content_max_width_tablet=&#8220;450px&#8220; content_max_width_phone=&#8220;450px&#8220; content_max_width_last_edited=&#8220;on|tablet&#8220; module_class=&#8220;blurb-space&#8220; _builder_version=&#8220;4.27.4&#8243; _module_preset=&#8220;default&#8220; header_font=&#8220;|600|||||||&#8220; header_text_align=&#8220;center&#8220; header_text_color=&#8220;#6793af&#8220; header_font_size=&#8220;16px&#8220; body_text_align=&#8220;center&#8220; body_line_height=&#8220;17px&#8220; background_color=&#8220;#FFFFFF&#8220; max_width_tablet=&#8220;450px&#8220; max_width_phone=&#8220;450px&#8220; max_width_last_edited=&#8220;on|tablet&#8220; module_alignment=&#8220;center&#8220; height=&#8220;375px&#8220; height_tablet=&#8220;100%&#8220; height_phone=&#8220;100%&#8220; height_last_edited=&#8220;on|phone&#8220; custom_padding=&#8220;0px||3em|0px|false|false&#8220; hover_enabled=&#8220;0&#8243; module_alignment_tablet=&#8220;center&#8220; module_alignment_phone=&#8220;center&#8220; module_alignment_last_edited=&#8220;on|tablet&#8220; border_radii=&#8220;off|24px|4px|24px|4px&#8220; box_shadow_style=&#8220;preset2&#8243; box_shadow_blur=&#8220;12px&#8220; global_colors_info=&#8220;{%22gcid-0d24489f-1a7d-489f-a276-8f389c9a7009%22:%91%22header_text_color%22%93,%22gcid-2a7cf596-718f-47e3-aea3-0afcb2b9aac0%22:%91%22body_text_color%22%93}&#8220; box_shadow_blur__hover=&#8220;18px&#8220; box_shadow_blur__hover_enabled=&#8220;on|hover&#8220; box_shadow_color__hover=&#8220;#686d74&#8243; box_shadow_color__hover_enabled=&#8220;on|hover&#8220; link_option_url=&#8220;\/?page_id=249111&#8243; sticky_enabled=&#8220;0&#8243;]<\/p>\n<p>Die Verwaltung gro\u00dfer Datenvolumen und der Schutz sensibler Daten stehen im Mittelpunkt der Herausforderungen von Versicherungen und Krankenkassen.<\/p>\n<p>[\/et_pb_blurb][\/et_pb_column][et_pb_column type=&#8220;1_3&#8243; _builder_version=&#8220;4.16&#8243; background_color_gradient_direction=&#8220;243deg&#8220; custom_padding=&#8220;|||&#8220; global_colors_info=&#8220;{}&#8220; custom_padding__hover=&#8220;|||&#8220;][et_pb_blurb title=&#8220;Banken \/ Finanzen&#8220; image=&#8220;https:\/\/www.mpitech.com\/wp-content\/uploads\/dematerialisation-secteur-banques-finance.webp&#8220; content_max_width_tablet=&#8220;450px&#8220; content_max_width_phone=&#8220;450px&#8220; content_max_width_last_edited=&#8220;on|tablet&#8220; module_class=&#8220;blurb-space&#8220; _builder_version=&#8220;4.27.4&#8243; _module_preset=&#8220;default&#8220; header_font=&#8220;|600|||||||&#8220; header_text_align=&#8220;center&#8220; header_text_color=&#8220;#6793af&#8220; header_font_size=&#8220;16px&#8220; body_text_align=&#8220;center&#8220; body_line_height=&#8220;17px&#8220; background_color=&#8220;#FFFFFF&#8220; max_width_tablet=&#8220;450px&#8220; max_width_phone=&#8220;450px&#8220; max_width_last_edited=&#8220;on|tablet&#8220; module_alignment=&#8220;center&#8220; height=&#8220;375px&#8220; height_tablet=&#8220;100%&#8220; height_phone=&#8220;100%&#8220; height_last_edited=&#8220;on|phone&#8220; custom_padding=&#8220;0px||3em|0px|false|false&#8220; hover_enabled=&#8220;0&#8243; module_alignment_tablet=&#8220;center&#8220; module_alignment_phone=&#8220;center&#8220; module_alignment_last_edited=&#8220;on|tablet&#8220; border_radii=&#8220;off|24px|4px|24px|4px&#8220; box_shadow_style=&#8220;preset2&#8243; box_shadow_blur=&#8220;12px&#8220; global_colors_info=&#8220;{%22gcid-0d24489f-1a7d-489f-a276-8f389c9a7009%22:%91%22header_text_color%22%93,%22gcid-2a7cf596-718f-47e3-aea3-0afcb2b9aac0%22:%91%22body_text_color%22%93}&#8220; box_shadow_blur__hover=&#8220;18px&#8220; box_shadow_blur__hover_enabled=&#8220;on|hover&#8220; box_shadow_color__hover=&#8220;#686d74&#8243; box_shadow_color__hover_enabled=&#8220;on|hover&#8220; link_option_url=&#8220;\/?page_id=249135&#8243; sticky_enabled=&#8220;0&#8243;]<\/p>\n<p>Komplexe IT-Systeme und sich kontinuierlich wandelnde Anforderungen: T\u00e4glich neue Herausforderungen zu meistern!<\/p>\n<p>[\/et_pb_blurb][\/et_pb_column][\/et_pb_row][et_pb_row column_structure=&#8220;1_3,1_3,1_3&#8243; use_custom_gutter=&#8220;on&#8220; gutter_width=&#8220;2&#8243; make_equal=&#8220;on&#8220; admin_label=&#8220;Branchen: Verwaltung, Versicherungen, Finanzen&#8220; _builder_version=&#8220;4.16&#8243; custom_padding=&#8220;|||&#8220; saved_tabs=&#8220;all&#8220; global_colors_info=&#8220;{}&#8220;][et_pb_column type=&#8220;1_3&#8243; _builder_version=&#8220;4.16&#8243; background_color_gradient_direction=&#8220;243deg&#8220; custom_padding=&#8220;|||&#8220; global_colors_info=&#8220;{}&#8220; custom_padding__hover=&#8220;|||&#8220;][et_pb_blurb title=&#8220;Industrie \/ Logistik&#8220; image=&#8220;https:\/\/www.mpitech.com\/wp-content\/uploads\/dematerialisation-secteur-industrie-logistique.webp&#8220; content_max_width_tablet=&#8220;450px&#8220; content_max_width_phone=&#8220;450px&#8220; content_max_width_last_edited=&#8220;on|tablet&#8220; module_class=&#8220;blurb-space&#8220; _builder_version=&#8220;4.27.4&#8243; _module_preset=&#8220;default&#8220; header_font=&#8220;|600|||||||&#8220; header_text_align=&#8220;center&#8220; header_text_color=&#8220;#6793af&#8220; header_font_size=&#8220;16px&#8220; body_text_align=&#8220;center&#8220; body_line_height=&#8220;17px&#8220; background_color=&#8220;#FFFFFF&#8220; max_width_tablet=&#8220;450px&#8220; max_width_phone=&#8220;450px&#8220; max_width_last_edited=&#8220;on|tablet&#8220; module_alignment=&#8220;center&#8220; height=&#8220;375px&#8220; height_tablet=&#8220;100%&#8220; height_phone=&#8220;100%&#8220; height_last_edited=&#8220;on|phone&#8220; custom_padding=&#8220;0px||3em|0px|false|false&#8220; hover_enabled=&#8220;0&#8243; module_alignment_tablet=&#8220;center&#8220; module_alignment_phone=&#8220;center&#8220; module_alignment_last_edited=&#8220;on|tablet&#8220; border_radii=&#8220;off|24px|4px|24px|4px&#8220; box_shadow_style=&#8220;preset2&#8243; box_shadow_blur=&#8220;12px&#8220; global_colors_info=&#8220;{%22gcid-0d24489f-1a7d-489f-a276-8f389c9a7009%22:%91%22header_text_color%22%93,%22gcid-2a7cf596-718f-47e3-aea3-0afcb2b9aac0%22:%91%22body_text_color%22%93}&#8220; box_shadow_blur__hover=&#8220;18px&#8220; box_shadow_blur__hover_enabled=&#8220;on|hover&#8220; box_shadow_color__hover=&#8220;#686d74&#8243; box_shadow_color__hover_enabled=&#8220;on|hover&#8220; link_option_url=&#8220;\/?page_id=249151&#8243; sticky_enabled=&#8220;0&#8243;]<\/p>\n<p>Geschwindigkeit, Flexibilit\u00e4t, national oder international? L\u00f6sungen, die unsere Kunden begleiten.<\/p>\n<p>[\/et_pb_blurb][\/et_pb_column][et_pb_column type=&#8220;1_3&#8243; _builder_version=&#8220;4.16&#8243; background_color_gradient_direction=&#8220;243deg&#8220; custom_padding=&#8220;|||&#8220; global_colors_info=&#8220;{}&#8220; custom_padding__hover=&#8220;|||&#8220;][et_pb_blurb title=&#8220;Gesundheitswesen \/ Kliniken&#8220; image=&#8220;https:\/\/www.mpitech.com\/wp-content\/uploads\/dematerialisation-secteur-sante-1.webp&#8220; content_max_width_tablet=&#8220;450px&#8220; content_max_width_phone=&#8220;450px&#8220; content_max_width_last_edited=&#8220;on|tablet&#8220; module_class=&#8220;blurb-space&#8220; _builder_version=&#8220;4.27.4&#8243; _module_preset=&#8220;default&#8220; header_font=&#8220;|600|||||||&#8220; header_text_align=&#8220;center&#8220; header_text_color=&#8220;#6793af&#8220; header_font_size=&#8220;16px&#8220; body_text_align=&#8220;center&#8220; body_line_height=&#8220;17px&#8220; background_color=&#8220;#FFFFFF&#8220; max_width_tablet=&#8220;450px&#8220; max_width_phone=&#8220;450px&#8220; max_width_last_edited=&#8220;on|tablet&#8220; module_alignment=&#8220;center&#8220; height=&#8220;375px&#8220; height_tablet=&#8220;100%&#8220; height_phone=&#8220;100%&#8220; height_last_edited=&#8220;on|phone&#8220; custom_padding=&#8220;0px||3em|0px|false|false&#8220; hover_enabled=&#8220;0&#8243; module_alignment_tablet=&#8220;center&#8220; module_alignment_phone=&#8220;center&#8220; module_alignment_last_edited=&#8220;on|tablet&#8220; border_radii=&#8220;off|24px|4px|24px|4px&#8220; box_shadow_style=&#8220;preset2&#8243; box_shadow_blur=&#8220;12px&#8220; global_colors_info=&#8220;{%22gcid-0d24489f-1a7d-489f-a276-8f389c9a7009%22:%91%22header_text_color%22%93,%22gcid-2a7cf596-718f-47e3-aea3-0afcb2b9aac0%22:%91%22body_text_color%22%93}&#8220; box_shadow_blur__hover=&#8220;18px&#8220; box_shadow_blur__hover_enabled=&#8220;on|hover&#8220; box_shadow_color__hover=&#8220;#686d74&#8243; box_shadow_color__hover_enabled=&#8220;on|hover&#8220; link_option_url=&#8220;\/?page_id=249155&#8243; sticky_enabled=&#8220;0&#8243;]<\/p>\n<p>Informationssicherheit und Vertraulichkeit, kontrollierte Prozesse und Kostenoptimierung.<\/p>\n<p>[\/et_pb_blurb][\/et_pb_column][et_pb_column type=&#8220;1_3&#8243; _builder_version=&#8220;4.16&#8243; background_color_gradient_direction=&#8220;243deg&#8220; custom_padding=&#8220;|||&#8220; global_colors_info=&#8220;{}&#8220; custom_padding__hover=&#8220;|||&#8220;][et_pb_blurb title=&#8220;Druckdienstleister&#8220; image=&#8220;https:\/\/www.mpitech.com\/wp-content\/uploads\/dematerialisation-secteur-prestataire-impression.webp&#8220; content_max_width_tablet=&#8220;450px&#8220; content_max_width_phone=&#8220;450px&#8220; content_max_width_last_edited=&#8220;on|tablet&#8220; module_class=&#8220;blurb-space&#8220; _builder_version=&#8220;4.27.4&#8243; _module_preset=&#8220;default&#8220; header_font=&#8220;|600|||||||&#8220; header_text_align=&#8220;center&#8220; header_text_color=&#8220;#6793af&#8220; header_font_size=&#8220;16px&#8220; body_text_align=&#8220;center&#8220; body_line_height=&#8220;17px&#8220; background_color=&#8220;#FFFFFF&#8220; max_width_tablet=&#8220;450px&#8220; max_width_phone=&#8220;450px&#8220; max_width_last_edited=&#8220;on|tablet&#8220; module_alignment=&#8220;center&#8220; height=&#8220;375px&#8220; height_tablet=&#8220;100%&#8220; height_phone=&#8220;100%&#8220; height_last_edited=&#8220;on|phone&#8220; custom_padding=&#8220;0px||3em|0px|false|false&#8220; hover_enabled=&#8220;0&#8243; module_alignment_tablet=&#8220;center&#8220; module_alignment_phone=&#8220;center&#8220; module_alignment_last_edited=&#8220;on|tablet&#8220; border_radii=&#8220;off|24px|4px|24px|4px&#8220; box_shadow_style=&#8220;preset2&#8243; box_shadow_blur=&#8220;12px&#8220; global_colors_info=&#8220;{%22gcid-0d24489f-1a7d-489f-a276-8f389c9a7009%22:%91%22header_text_color%22%93,%22gcid-2a7cf596-718f-47e3-aea3-0afcb2b9aac0%22:%91%22body_text_color%22%93}&#8220; box_shadow_blur__hover=&#8220;18px&#8220; box_shadow_blur__hover_enabled=&#8220;on|hover&#8220; box_shadow_color__hover=&#8220;#686d74&#8243; box_shadow_color__hover_enabled=&#8220;on|hover&#8220; link_option_url=&#8220;\/?page_id=249163&#8243; sticky_enabled=&#8220;0&#8243;]<\/p>\n<p>Effiziente Druckzentrum-Verwaltung und leistungsstarke Anwenderl\u00f6sungen.<\/p>\n<p>[\/et_pb_blurb][\/et_pb_column][\/et_pb_row][\/et_pb_section][et_pb_section fb_built=&#8220;1&#8243; admin_label=&#8220;interior navigation&#8220; _builder_version=&#8220;4.16&#8243; background_color=&#8220;gcid-9f449d1e-8247-48dc-bd43-7dbbfffa7802&#8243; custom_padding=&#8220;40px||124px|||&#8220; bottom_divider_style=&#8220;slant2&#8243; bottom_divider_color=&#8220;gcid-0d24489f-1a7d-489f-a276-8f389c9a7009&#8243; bottom_divider_flip=&#8220;horizontal&#8220; global_colors_info=&#8220;{%22gcid-0d24489f-1a7d-489f-a276-8f389c9a7009%22:%91%22bottom_divider_color%22%93,%22gcid-9f449d1e-8247-48dc-bd43-7dbbfffa7802%22:%91%22background_color%22%93}&#8220;][et_pb_row column_structure=&#8220;1_2,1_2&#8243; admin_label=&#8220;Text aligned center&#8220; _builder_version=&#8220;4.16&#8243; width=&#8220;89%&#8220; width_tablet=&#8220;80%&#8220; width_phone=&#8220;&#8220; width_last_edited=&#8220;on|desktop&#8220; max_width=&#8220;89%&#8220; max_width_tablet=&#8220;80%&#8220; max_width_phone=&#8220;&#8220; max_width_last_edited=&#8220;on|desktop&#8220; custom_margin=&#8220;|||&#8220; make_fullwidth=&#8220;on&#8220; custom_width_px=&#8220;1600px&#8220; global_colors_info=&#8220;{}&#8220;][et_pb_column type=&#8220;1_2&#8243; _builder_version=&#8220;4.16&#8243; custom_padding=&#8220;0px||||false|false&#8220; custom_css_main_element=&#8220;align-items: flex-start;&#8220; global_colors_info=&#8220;{}&#8220; custom_padding__hover=&#8220;|||&#8220;][et_pb_image src=&#8220;https:\/\/www.mpitech.com\/wp-content\/uploads\/dematerialisation-secteur-administration-1.webp&#8220; title_text=&#8220;digitalisierung-verwaltungssektor&#8220; force_fullwidth=&#8220;on&#8220; _builder_version=&#8220;4.21.0&#8243; _module_preset=&#8220;default&#8220; custom_margin=&#8220;0px||||false|false&#8220; custom_padding=&#8220;0px||||false|false&#8220; animation_direction=&#8220;left&#8220; global_colors_info=&#8220;{}&#8220;][\/et_pb_image][et_pb_image src=&#8220;https:\/\/www.mpitech.com\/wp-content\/uploads\/entreprise-francaise-internationale-1.png&#8220; title_text=&#8220;franz\u00f6sisches-internationales-unternehmen&#8220; align=&#8220;right&#8220; _builder_version=&#8220;4.16&#8243; _module_preset=&#8220;default&#8220; transform_translate_linked=&#8220;off&#8220; positioning=&#8220;absolute&#8220; position_origin_a=&#8220;bottom_right&#8220; vertical_offset=&#8220;-38px&#8220; horizontal_offset=&#8220;-36px&#8220; z_index=&#8220;-1&#8243; width=&#8220;100%&#8220; animation_style=&#8220;slide&#8220; animation_direction=&#8220;bottom&#8220; animation_intensity_slide=&#8220;20%&#8220; global_colors_info=&#8220;{}&#8220;][\/et_pb_image][\/et_pb_column][et_pb_column type=&#8220;1_2&#8243; _builder_version=&#8220;4.16&#8243; _module_preset=&#8220;default&#8220; global_colors_info=&#8220;{}&#8220;][et_pb_text admin_label=&#8220;Intro title&#8220; _builder_version=&#8220;4.21.0&#8243; text_font=&#8220;Poppins||||||||&#8220; header_font=&#8220;||||||||&#8220; header_2_font=&#8220;Poppins||||||||&#8220; header_2_text_align=&#8220;left&#8220; header_2_font_size=&#8220;30px&#8220; header_2_line_height=&#8220;1.2em&#8220; custom_margin=&#8220;||15px|&#8220; custom_padding=&#8220;1px|||||&#8220; animation_direction=&#8220;right&#8220; global_colors_info=&#8220;{}&#8220;]<\/p>\n<h2><span class=\"mpi-underline-yellow\">L\u00f6sungen<\/span> f\u00fcr jede Branche<\/h2>\n<p>[\/et_pb_text][et_pb_text admin_label=&#8220;Intro texts&#8220; module_class=&#8220;section-under-breadcrumbs&#8220; _builder_version=&#8220;4.21.0&#8243; text_font=&#8220;Poppins|300|||||||&#8220; text_font_size=&#8220;19px&#8220; text_line_height=&#8220;1.8em&#8220; link_font=&#8220;||||on|||gcid-0d24489f-1a7d-489f-a276-8f389c9a7009|&#8220; link_text_color=&#8220;#333333&#8243; header_font=&#8220;||||||||&#8220; header_2_font=&#8220;Poppins|600||on|||||&#8220; header_2_text_align=&#8220;center&#8220; header_2_font_size=&#8220;30px&#8220; text_orientation=&#8220;center&#8220; module_alignment=&#8220;center&#8220; custom_margin=&#8220;||40px|&#8220; animation_direction=&#8220;right&#8220; global_colors_info=&#8220;{}&#8220;]<\/p>\n<p align=\"justify\">Jede Software, die <strong>MPI Tech<\/strong> anbietet, wird entsprechend den <span style=\"background-color: #e8e8e8; font-size: 19px;\">Bed\u00fcrfnissen<\/span><span style=\"font-size: 19px; text-align: center;\"> der Kunden entwickelt. Die Anpassung an jeden Gesch\u00e4ftsbereich ist eines unserer Hauptziele.<\/span><\/p>\n<p><\/p>\n<p align=\"justify\">F\u00fcr Banken, Versicherungen, Beh\u00f6rden oder jedes andere Unternehmen sind unsere L\u00f6sungen perfekt differenzierbar und an die jeweilige Gesch\u00e4ftst\u00e4tigkeit anpassbar.<\/p>\n<p>[\/et_pb_text][\/et_pb_column][\/et_pb_row][\/et_pb_section]<\/p>","protected":false},"excerpt":{"rendered":"<p>L\u00f6sungen f\u00fcr alleGesch\u00e4ftsbereicheBeh\u00f6rden, Versicherungen &amp; Krankenkassen, Banken &amp; Finanzen, Industrie &amp; Logistik, Gesundheitswesen, Print-Services&#8230;<nav aria-label=\"breadcrumbs\" class=\"rank-math-breadcrumb\"><p><span class=\"last\">Startseite<\/span><\/p><\/nav>Branchensoftware f\u00fcr Dokumenten- und DruckmanagementDie Verwaltung gro\u00dfer Datenvolumen und der Schutz sensibler Daten stehen im Mittelpunkt der Herausforderungen von Versicherungen und Krankenkassen.Komplexe IT-Systeme und sich kontinuierlich wandelnde Anforderungen: T\u00e4glich neue Herausforderungen zu meistern!Geschwindigkeit, Flexibilit\u00e4t, national oder international? L\u00f6sungen, die unsere Kunden begleiten.Informationssicherheit [&hellip;]<\/p>","protected":false},"author":2,"featured_media":278239,"parent":0,"menu_order":0,"comment_status":"closed","ping_status":"closed","template":"","meta":{"_et_pb_use_builder":"on","_et_pb_old_content":"","_et_gb_content_width":"","_searchwp_excluded":"","footnotes":""},"class_list":["post-278238","page","type-page","status-publish","has-post-thumbnail","hentry"],"_links":{"self":[{"href":"https:\/\/www.mpitech.com\/de\/wp-json\/wp\/v2\/pages\/278238","targetHints":{"allow":["GET"]}}],"collection":[{"href":"https:\/\/www.mpitech.com\/de\/wp-json\/wp\/v2\/pages"}],"about":[{"href":"https:\/\/www.mpitech.com\/de\/wp-json\/wp\/v2\/types\/page"}],"author":[{"embeddable":true,"href":"https:\/\/www.mpitech.com\/de\/wp-json\/wp\/v2\/users\/2"}],"replies":[{"embeddable":true,"href":"https:\/\/www.mpitech.com\/de\/wp-json\/wp\/v2\/comments?post=278238"}],"version-history":[{"count":0,"href":"https:\/\/www.mpitech.com\/de\/wp-json\/wp\/v2\/pages\/278238\/revisions"}],"wp:featuredmedia":[{"embeddable":true,"href":"https:\/\/www.mpitech.com\/de\/wp-json\/wp\/v2\/media\/278239"}],"wp:attachment":[{"href":"https:\/\/www.mpitech.com\/de\/wp-json\/wp\/v2\/media?parent=278238"}],"curies":[{"name":"wp","href":"https:\/\/api.w.org\/{rel}","templated":true}]}}