


{"id":262056,"date":"2023-05-12T10:15:35","date_gmt":"2023-05-12T09:15:35","guid":{"rendered":"https:\/\/www.mpitech.com\/?page_id=262056"},"modified":"2025-06-17T15:54:54","modified_gmt":"2025-06-17T14:54:54","slug":"data-syscom","status":"publish","type":"page","link":"https:\/\/www.mpitech.com\/fr\/mpi-tech\/data-syscom\/","title":{"rendered":"Data Syscom"},"content":{"rendered":"<p>[et_pb_section fb_built=\u00a0\u00bb1&Prime; admin_label=\u00a0\u00bbHero Zone &#8211; H1, H2, paragraph\u00a0\u00bb module_id=\u00a0\u00bbsecteur-hero\u00a0\u00bb _builder_version=\u00a0\u00bb4.20.2&Prime; _module_preset=\u00a0\u00bbdefault\u00a0\u00bb background_color_gradient_start=\u00a0\u00bb#416075&Prime; background_color_gradient_end=\u00a0\u00bbrgba(0,0,0,0.3)\u00a0\u00bb background_image=\u00a0\u00bbhttps:\/\/www.mpitech.com\/wp-content\/uploads\/data-syscom.webp\u00a0\u00bb height=\u00a0\u00bb350px\u00a0\u00bb custom_margin=\u00a0\u00bb||||false|false\u00a0\u00bb bottom_divider_color=\u00a0\u00bbgcid-93936d21-409f-4d2c-9f9c-988770c9fdc3&Prime; bottom_divider_flip=\u00a0\u00bbhorizontal\u00a0\u00bb global_colors_info=\u00a0\u00bb{%22gcid-93936d21-409f-4d2c-9f9c-988770c9fdc3%22:%91%22bottom_divider_color%22%93}\u00a0\u00bb][et_pb_row use_custom_gutter=\u00a0\u00bbon\u00a0\u00bb gutter_width=\u00a0\u00bb1&Prime; module_class=\u00a0\u00bbphone-hero-zone\u00a0\u00bb _builder_version=\u00a0\u00bb4.20.2&Prime; _module_preset=\u00a0\u00bbdefault\u00a0\u00bb width=\u00a0\u00bb70%\u00a0\u00bb width_tablet=\u00a0\u00bb85%\u00a0\u00bb width_phone=\u00a0\u00bb95%\u00a0\u00bb width_last_edited=\u00a0\u00bbon|tablet\u00a0\u00bb max_width=\u00a0\u00bb95%\u00a0\u00bb module_alignment=\u00a0\u00bbcenter\u00a0\u00bb custom_margin=\u00a0\u00bb||||false|false\u00a0\u00bb custom_margin_tablet=\u00a0\u00bb0px||||false|false\u00a0\u00bb custom_margin_phone=\u00a0\u00bb0em||||false|false\u00a0\u00bb custom_margin_last_edited=\u00a0\u00bbon|phone\u00a0\u00bb global_colors_info=\u00a0\u00bb{}\u00a0\u00bb][et_pb_column type=\u00a0\u00bb4_4&Prime; _builder_version=\u00a0\u00bb4.16&Prime; _module_preset=\u00a0\u00bbdefault\u00a0\u00bb global_colors_info=\u00a0\u00bb{}\u00a0\u00bb][et_pb_text _builder_version=\u00a0\u00bb4.20.2&Prime; _module_preset=\u00a0\u00bbdefault\u00a0\u00bb text_font=\u00a0\u00bbPoppins||||||||\u00a0\u00bb text_text_color=\u00a0\u00bb#FFFFFF\u00a0\u00bb text_font_size=\u00a0\u00bb20px\u00a0\u00bb text_line_height=\u00a0\u00bb1.8em\u00a0\u00bb header_font=\u00a0\u00bbPoppins|600|||||||\u00a0\u00bb header_text_color=\u00a0\u00bb#FFFFFF\u00a0\u00bb header_font_size=\u00a0\u00bb46px\u00a0\u00bb header_line_height=\u00a0\u00bb1.3em\u00a0\u00bb header_2_font=\u00a0\u00bbPoppins|600|||||||\u00a0\u00bb header_2_text_color=\u00a0\u00bb#FFFFFF\u00a0\u00bb header_2_line_height=\u00a0\u00bb1.3em\u00a0\u00bb text_orientation=\u00a0\u00bbcenter\u00a0\u00bb custom_margin=\u00a0\u00bb2em||||false|false\u00a0\u00bb custom_margin_tablet=\u00a0\u00bb2em||||false|false\u00a0\u00bb custom_margin_phone=\u00a0\u00bb1em||||false|false\u00a0\u00bb custom_margin_last_edited=\u00a0\u00bbon|phone\u00a0\u00bb header_text_color_tablet=\u00a0\u00bb#FFFFFF\u00a0\u00bb header_text_color_phone=\u00a0\u00bb#FFFFFF\u00a0\u00bb header_text_color_last_edited=\u00a0\u00bbon|tablet\u00a0\u00bb header_font_size_tablet=\u00a0\u00bb36px\u00a0\u00bb header_font_size_phone=\u00a0\u00bb30px\u00a0\u00bb header_font_size_last_edited=\u00a0\u00bbon|phone\u00a0\u00bb header_2_font_size_tablet=\u00a0\u00bb\u00a0\u00bb header_2_font_size_phone=\u00a0\u00bb22px\u00a0\u00bb header_2_font_size_last_edited=\u00a0\u00bbon|phone\u00a0\u00bb global_colors_info=\u00a0\u00bb{}\u00a0\u00bb]<\/p>\n<h1>\u00a0Data Syscom<\/h1>\n<h2>Data Syscom et MPI Tech&nbsp;: une fusion r\u00e9ussie<\/h2>\n<p>[\/et_pb_text][\/et_pb_column][\/et_pb_row][\/et_pb_section][et_pb_section fb_built=\u00a0\u00bb1&Prime; disabled_on=\u00a0\u00bbon|on|off\u00a0\u00bb _builder_version=\u00a0\u00bb4.16&Prime; _module_preset=\u00a0\u00bbdefault\u00a0\u00bb background_color=\u00a0\u00bbgcid-8339cae1-8886-4e7e-ac53-1d635c1ad749&Prime; width=\u00a0\u00bb100%\u00a0\u00bb max_width=\u00a0\u00bb100%\u00a0\u00bb custom_padding=\u00a0\u00bb4px||6px|||\u00a0\u00bb global_module=\u00a0\u00bb242934&Prime; locked=\u00a0\u00bboff\u00a0\u00bb global_colors_info=\u00a0\u00bb{%22gcid-8339cae1-8886-4e7e-ac53-1d635c1ad749%22:%91%22background_color%22%93}\u00a0\u00bb][et_pb_row make_equal=\u00a0\u00bbon\u00a0\u00bb _builder_version=\u00a0\u00bb4.21.0&Prime; _module_preset=\u00a0\u00bbdefault\u00a0\u00bb width=\u00a0\u00bb89%\u00a0\u00bb max_width=\u00a0\u00bb89%\u00a0\u00bb custom_padding=\u00a0\u00bb6px||3px||false|false\u00a0\u00bb global_colors_info=\u00a0\u00bb{}\u00a0\u00bb][et_pb_column type=\u00a0\u00bb4_4&Prime; _builder_version=\u00a0\u00bb4.16&Prime; _module_preset=\u00a0\u00bbdefault\u00a0\u00bb global_colors_info=\u00a0\u00bb{}\u00a0\u00bb][et_pb_text admin_label=\u00a0\u00bbRankMath Breadcrumbs shortcode\u00a0\u00bb _builder_version=\u00a0\u00bb4.21.0&Prime; _module_preset=\u00a0\u00bbdefault\u00a0\u00bb global_colors_info=\u00a0\u00bb{}\u00a0\u00bb]<\/p>\n<nav aria-label=\"breadcrumbs\" class=\"rank-math-breadcrumb\"><p><span class=\"last\">Accueil<\/span><\/p><\/nav>\n<p>[\/et_pb_text][\/et_pb_column][\/et_pb_row][\/et_pb_section][et_pb_section fb_built=\u00a0\u00bb1&Prime; admin_label=\u00a0\u00bbSection under Breadcrumbs\u00a0\u00bb _builder_version=\u00a0\u00bb4.16&Prime; background_color=\u00a0\u00bbgcid-8339cae1-8886-4e7e-ac53-1d635c1ad749&Prime; custom_margin=\u00a0\u00bb0px||0px||true|false\u00a0\u00bb custom_padding=\u00a0\u00bb0px||100px||false|false\u00a0\u00bb bottom_divider_style=\u00a0\u00bbslant2&Prime; bottom_divider_color=\u00a0\u00bbgcid-9f449d1e-8247-48dc-bd43-7dbbfffa7802&Prime; bottom_divider_flip=\u00a0\u00bbhorizontal\u00a0\u00bb global_colors_info=\u00a0\u00bb{%22gcid-9f449d1e-8247-48dc-bd43-7dbbfffa7802%22:%91%22bottom_divider_color%22%93}\u00a0\u00bb][et_pb_row column_structure=\u00a0\u00bb1_2,1_2&Prime; make_equal=\u00a0\u00bbon\u00a0\u00bb admin_label=\u00a0\u00bbText aligned center\u00a0\u00bb _builder_version=\u00a0\u00bb4.19.4&Prime; width=\u00a0\u00bb89%\u00a0\u00bb width_tablet=\u00a0\u00bb80%\u00a0\u00bb width_phone=\u00a0\u00bb\u00a0\u00bb width_last_edited=\u00a0\u00bbon|desktop\u00a0\u00bb max_width=\u00a0\u00bb89%\u00a0\u00bb max_width_tablet=\u00a0\u00bb80%\u00a0\u00bb max_width_phone=\u00a0\u00bb\u00a0\u00bb max_width_last_edited=\u00a0\u00bbon|desktop\u00a0\u00bb custom_margin=\u00a0\u00bb|||\u00a0\u00bb make_fullwidth=\u00a0\u00bbon\u00a0\u00bb custom_width_px=\u00a0\u00bb1600px\u00a0\u00bb global_colors_info=\u00a0\u00bb{}\u00a0\u00bb][et_pb_column type=\u00a0\u00bb1_2&Prime; _builder_version=\u00a0\u00bb4.16&Prime; custom_padding=\u00a0\u00bb0px||||false|false\u00a0\u00bb custom_css_main_element=\u00a0\u00bbalign-items: flex-start;\u00a0\u00bb global_colors_info=\u00a0\u00bb{}\u00a0\u00bb custom_padding__hover=\u00a0\u00bb|||\u00a0\u00bb][et_pb_image src=\u00a0\u00bbhttps:\/\/www.mpitech.com\/wp-content\/uploads\/data-syscom-mpi-tech.webp\u00a0\u00bb alt=\u00a0\u00bbData Syscom &#8211; MPI Tech\u00a0\u00bb title_text=\u00a0\u00bbdata-syscom-mpi-tech\u00a0\u00bb force_fullwidth=\u00a0\u00bbon\u00a0\u00bb _builder_version=\u00a0\u00bb4.21.0&Prime; _module_preset=\u00a0\u00bbdefault\u00a0\u00bb background_color=\u00a0\u00bbRGBA(255,255,255,0)\u00a0\u00bb animation_direction=\u00a0\u00bbleft\u00a0\u00bb global_colors_info=\u00a0\u00bb{}\u00a0\u00bb][\/et_pb_image][et_pb_image src=\u00a0\u00bbhttps:\/\/www.mpitech.com\/wp-content\/uploads\/entreprise-francaise-internationale-1.png\u00a0\u00bb title_text=\u00a0\u00bbentreprise-francaise-internationale\u00a0\u00bb align=\u00a0\u00bbright\u00a0\u00bb _builder_version=\u00a0\u00bb4.21.0&Prime; _module_preset=\u00a0\u00bbdefault\u00a0\u00bb transform_translate_linked=\u00a0\u00bboff\u00a0\u00bb positioning=\u00a0\u00bbabsolute\u00a0\u00bb position_origin_a=\u00a0\u00bbbottom_right\u00a0\u00bb vertical_offset=\u00a0\u00bb-38px\u00a0\u00bb horizontal_offset=\u00a0\u00bb-36px\u00a0\u00bb z_index=\u00a0\u00bb-1&Prime; width=\u00a0\u00bb100%\u00a0\u00bb animation_direction=\u00a0\u00bbbottom\u00a0\u00bb global_colors_info=\u00a0\u00bb{}\u00a0\u00bb][\/et_pb_image][\/et_pb_column][et_pb_column type=\u00a0\u00bb1_2&Prime; _builder_version=\u00a0\u00bb4.16&Prime; _module_preset=\u00a0\u00bbdefault\u00a0\u00bb global_colors_info=\u00a0\u00bb{}\u00a0\u00bb][et_pb_text admin_label=\u00a0\u00bbIntro title\u00a0\u00bb _builder_version=\u00a0\u00bb4.21.0&Prime; text_font=\u00a0\u00bbPoppins||||||||\u00a0\u00bb header_font=\u00a0\u00bb||||||||\u00a0\u00bb header_2_font=\u00a0\u00bbPoppins||||||||\u00a0\u00bb header_2_text_align=\u00a0\u00bbleft\u00a0\u00bb header_2_font_size=\u00a0\u00bb30px\u00a0\u00bb header_2_line_height=\u00a0\u00bb1.2em\u00a0\u00bb custom_margin=\u00a0\u00bb||15px|\u00a0\u00bb custom_padding=\u00a0\u00bb1px|||||\u00a0\u00bb animation_direction=\u00a0\u00bbright\u00a0\u00bb global_colors_info=\u00a0\u00bb{}\u00a0\u00bb]<\/p>\n<h2><span class=\"mpi-underline-yellow\">MPI Tech &amp; Data Syscom&nbsp;:<\/span> un parcours commun d&rsquo;innovation dans l&rsquo;impression et la gestion documentaire<\/h2>\n<p>[\/et_pb_text][et_pb_text admin_label=\u00a0\u00bbIntro texts\u00a0\u00bb module_class=\u00a0\u00bbsection-under-breadcrumbs\u00a0\u00bb _builder_version=\u00a0\u00bb4.21.0&Prime; text_font=\u00a0\u00bbPoppins|300|||||||\u00a0\u00bb text_font_size=\u00a0\u00bb20px\u00a0\u00bb text_line_height=\u00a0\u00bb1.8em\u00a0\u00bb link_font=\u00a0\u00bb||||on|||gcid-0d24489f-1a7d-489f-a276-8f389c9a7009|\u00a0\u00bb link_text_color=\u00a0\u00bb#333333&Prime; header_font=\u00a0\u00bb||||||||\u00a0\u00bb header_2_font=\u00a0\u00bbPoppins|600||on|||||\u00a0\u00bb header_2_text_align=\u00a0\u00bbcenter\u00a0\u00bb header_2_font_size=\u00a0\u00bb30px\u00a0\u00bb module_alignment=\u00a0\u00bbcenter\u00a0\u00bb custom_margin=\u00a0\u00bb||40px|\u00a0\u00bb animation_direction=\u00a0\u00bbright\u00a0\u00bb global_colors_info=\u00a0\u00bb{}\u00a0\u00bb]<\/p>\n<p><span style=\"font-weight: 400;\"><b>MPI Tech &#8211; Data Syscom<\/b> est reconnue pour son expertise en mati\u00e8re de gestion documentaire. L&rsquo;entreprise a connu une \u00e9volution remarquable depuis sa cr\u00e9ation, en proposant des solutions innovantes et performantes pour simplifier la gestion des impressions et des documents. R\u00e9cemment, <b>Data Syscom <\/b>est devenue une division de <b>MPI Tech<\/b>. Cette fusion permet d&rsquo;offrir des solutions de pointe, adapt\u00e9es aux besoins des entreprises modernes.<\/span><\/p>\n<p><span style=\"font-weight: 400;\">L&rsquo;int\u00e9gration de <strong>MPI Tech &#8211; Data Syscom<\/strong> au sein du groupe apporte un ensemble de solutions innovantes dans la gestion des communications client.<\/span><\/p>\n<p>[\/et_pb_text][\/et_pb_column][\/et_pb_row][\/et_pb_section][et_pb_section fb_built=\u00a0\u00bb1&Prime; admin_label=\u00a0\u00bbAbout Section\u00a0\u00bb _builder_version=\u00a0\u00bb4.16&Prime; background_color=\u00a0\u00bbgcid-9f449d1e-8247-48dc-bd43-7dbbfffa7802&Prime; custom_padding=\u00a0\u00bb7px||124px|||\u00a0\u00bb bottom_divider_style=\u00a0\u00bbslant2&Prime; bottom_divider_color=\u00a0\u00bbgcid-8339cae1-8886-4e7e-ac53-1d635c1ad749&Prime; bottom_divider_flip=\u00a0\u00bbhorizontal\u00a0\u00bb bottom_divider_arrangement=\u00a0\u00bbabove_content\u00a0\u00bb saved_tabs=\u00a0\u00bball\u00a0\u00bb global_colors_info=\u00a0\u00bb{%22gcid-8339cae1-8886-4e7e-ac53-1d635c1ad749%22:%91%22bottom_divider_color%22%93,%22gcid-9f449d1e-8247-48dc-bd43-7dbbfffa7802%22:%91%22background_color%22%93}\u00a0\u00bb][et_pb_row column_structure=\u00a0\u00bb1_2,1_2&Prime; make_equal=\u00a0\u00bbon\u00a0\u00bb _builder_version=\u00a0\u00bb4.19.5&Prime; width=\u00a0\u00bb89%\u00a0\u00bb max_width=\u00a0\u00bb89%\u00a0\u00bb animation_direction=\u00a0\u00bbbottom\u00a0\u00bb custom_css_main_element=\u00a0\u00bbalign-items: center;\u00a0\u00bb use_custom_width=\u00a0\u00bbon\u00a0\u00bb locked=\u00a0\u00bboff\u00a0\u00bb global_colors_info=\u00a0\u00bb{}\u00a0\u00bb][et_pb_column type=\u00a0\u00bb1_2&Prime; _builder_version=\u00a0\u00bb4.16&Prime; custom_padding=\u00a0\u00bb|||\u00a0\u00bb global_colors_info=\u00a0\u00bb{}\u00a0\u00bb custom_padding__hover=\u00a0\u00bb|||\u00a0\u00bb][et_pb_text admin_label=\u00a0\u00bbText\u00a0\u00bb _builder_version=\u00a0\u00bb4.20.2&Prime; text_font=\u00a0\u00bb|300|||||||\u00a0\u00bb text_font_size=\u00a0\u00bb19px\u00a0\u00bb text_line_height=\u00a0\u00bb1.8em\u00a0\u00bb custom_margin=\u00a0\u00bb||7px||false|false\u00a0\u00bb animation_direction=\u00a0\u00bbbottom\u00a0\u00bb global_colors_info=\u00a0\u00bb{%22gcid-2145f729-fe7e-478c-a30e-9a17bc150c83%22:%91%22header_2_text_color%22%93}\u00a0\u00bb]<\/p>\n<h2><span class=\"mpi-underline-yellow\">Expertise &#038; exp\u00e9rience<\/span><\/h2>\n<p>[\/et_pb_text][et_pb_text _builder_version=\u00a0\u00bb4.20.2&Prime; text_font=\u00a0\u00bb|300|||||||\u00a0\u00bb text_font_size=\u00a0\u00bb19px\u00a0\u00bb text_line_height=\u00a0\u00bb1.8em\u00a0\u00bb animation_direction=\u00a0\u00bbbottom\u00a0\u00bb locked=\u00a0\u00bboff\u00a0\u00bb global_colors_info=\u00a0\u00bb{}\u00a0\u00bb]<\/p>\n<p><span style=\"font-weight: 400;\">Fond\u00e9e en 1981, <strong>Data Syscom<\/strong> a d\u00e9but\u00e9 ses activit\u00e9s en distribuant des logiciels de gestion des flux d&rsquo;impression de production aux grandes entreprises. Tr\u00e8s vite, la soci\u00e9t\u00e9 a d\u00e9velopp\u00e9 ses propres solutions et s&rsquo;est impos\u00e9e comme un acteur majeur du march\u00e9 de l&rsquo;\u00e9ditique, gr\u00e2ce \u00e0 des solutions innovantes et performantes. Au fil des ann\u00e9es, <strong>Data Syscom<\/strong> a \u00e9largi sa gamme de produits pour r\u00e9pondre aux besoins sp\u00e9cifiques de ses clients, notamment dans la gestion des documents, des courriers et propose \u00e9galement des solutions de d\u00e9mat\u00e9rialisation.<\/span><\/p>\n<p>[\/et_pb_text][et_pb_text _builder_version=\u00a0\u00bb4.21.0&Prime; text_font=\u00a0\u00bb|300|||||||\u00a0\u00bb text_font_size=\u00a0\u00bb19px\u00a0\u00bb text_line_height=\u00a0\u00bb1.8em\u00a0\u00bb animation_direction=\u00a0\u00bbbottom\u00a0\u00bb locked=\u00a0\u00bboff\u00a0\u00bb global_colors_info=\u00a0\u00bb{}\u00a0\u00bb]<\/p>\n<h3>La fusion avec MPI Tech\u00a0<\/h3>\n<p><span style=\"font-weight: 400;\">En 2021, <strong>Data Syscom<\/strong> a \u00e9t\u00e9 int\u00e9gr\u00e9e au sein du groupe <strong>MPI Tech <\/strong>, un leader dans le domaine la gestion des flux AFP IPDS en environnement Mainframe. Cette fusion permet notamment \u00e0 <strong>Data Syscom<\/strong> de faire rayonner ses produits \u00e0 l&rsquo;international au sein du groupe.<\/span><\/p>\n<p>[\/et_pb_text][\/et_pb_column][et_pb_column type=\u00a0\u00bb1_2&Prime; _builder_version=\u00a0\u00bb4.16&Prime; _module_preset=\u00a0\u00bbdefault\u00a0\u00bb global_colors_info=\u00a0\u00bb{}\u00a0\u00bb][et_pb_image src=\u00a0\u00bbhttps:\/\/www.mpitech.com\/wp-content\/uploads\/data-syscom-mpi-tech-group.png\u00a0\u00bb alt=\u00a0\u00bbData Syscom &#8211; MPI Tech Group\u00a0\u00bb title_text=\u00a0\u00bbdata-syscom-mpi-tech-group\u00a0\u00bb align=\u00a0\u00bbcenter\u00a0\u00bb _builder_version=\u00a0\u00bb4.20.2&Prime; _module_preset=\u00a0\u00bbdefault\u00a0\u00bb global_colors_info=\u00a0\u00bb{}\u00a0\u00bb][\/et_pb_image][\/et_pb_column][\/et_pb_row][\/et_pb_section][et_pb_section fb_built=\u00a0\u00bb1&Prime; admin_label=\u00a0\u00bbAbout Section\u00a0\u00bb _builder_version=\u00a0\u00bb4.20.2&Prime; background_color=\u00a0\u00bbgcid-8339cae1-8886-4e7e-ac53-1d635c1ad749&Prime; custom_padding=\u00a0\u00bb23px||127px|||\u00a0\u00bb bottom_divider_style=\u00a0\u00bbslant2&Prime; bottom_divider_color=\u00a0\u00bb#FFFFFF\u00a0\u00bb bottom_divider_flip=\u00a0\u00bbhorizontal\u00a0\u00bb bottom_divider_arrangement=\u00a0\u00bbabove_content\u00a0\u00bb global_colors_info=\u00a0\u00bb{%22gcid-0d24489f-1a7d-489f-a276-8f389c9a7009%22:%91%22bottom_divider_color%22%93}\u00a0\u00bb][et_pb_row column_structure=\u00a0\u00bb1_2,1_2&Prime; use_custom_gutter=\u00a0\u00bbon\u00a0\u00bb gutter_width=\u00a0\u00bb2&Prime; make_equal=\u00a0\u00bbon\u00a0\u00bb _builder_version=\u00a0\u00bb4.19.5&Prime; width=\u00a0\u00bb89%\u00a0\u00bb max_width=\u00a0\u00bb89%\u00a0\u00bb custom_margin=\u00a0\u00bb0px||||false|false\u00a0\u00bb custom_padding=\u00a0\u00bb0px||||false|false\u00a0\u00bb custom_css_main_element=\u00a0\u00bbalign-items: center;\u00a0\u00bb locked=\u00a0\u00bboff\u00a0\u00bb global_colors_info=\u00a0\u00bb{}\u00a0\u00bb][et_pb_column type=\u00a0\u00bb1_2&Prime; _builder_version=\u00a0\u00bb4.16&Prime; custom_padding=\u00a0\u00bb|||\u00a0\u00bb custom_padding_tablet=\u00a0\u00bb|40px||40px||true\u00a0\u00bb custom_padding_last_edited=\u00a0\u00bboff|desktop\u00a0\u00bb global_colors_info=\u00a0\u00bb{}\u00a0\u00bb padding_tablet=\u00a0\u00bb|40px||40px||true\u00a0\u00bb padding_last_edited=\u00a0\u00bboff|desktop\u00a0\u00bb custom_padding__hover=\u00a0\u00bb|||\u00a0\u00bb][et_pb_image src=\u00a0\u00bbhttps:\/\/www.mpitech.com\/wp-content\/uploads\/data-syscom-mpi-tech-benefices-clients.png\u00a0\u00bb alt=\u00a0\u00bbData Syscom &#038; MPI Tech&nbsp;: b\u00e9n\u00e9fices pour nos clients\u00a0\u00bb title_text=\u00a0\u00bbdata-syscom-mpi-tech-benefices-clients\u00a0\u00bb align=\u00a0\u00bbcenter\u00a0\u00bb _builder_version=\u00a0\u00bb4.20.2&Prime; _module_preset=\u00a0\u00bbdefault\u00a0\u00bb custom_margin=\u00a0\u00bb0px||||false|false\u00a0\u00bb global_colors_info=\u00a0\u00bb{}\u00a0\u00bb][\/et_pb_image][\/et_pb_column][et_pb_column type=\u00a0\u00bb1_2&Prime; _builder_version=\u00a0\u00bb4.16&Prime; custom_padding=\u00a0\u00bb|||\u00a0\u00bb global_colors_info=\u00a0\u00bb{}\u00a0\u00bb custom_padding__hover=\u00a0\u00bb|||\u00a0\u00bb][et_pb_text _builder_version=\u00a0\u00bb4.20.2&Prime; _module_preset=\u00a0\u00bbdefault\u00a0\u00bb text_font=\u00a0\u00bb|300|||||||\u00a0\u00bb text_font_size=\u00a0\u00bb19px\u00a0\u00bb text_line_height=\u00a0\u00bb1.8em\u00a0\u00bb custom_margin=\u00a0\u00bb||7px||false|false\u00a0\u00bb global_colors_info=\u00a0\u00bb{%22gcid-2145f729-fe7e-478c-a30e-9a17bc150c83%22:%91%22header_2_text_color%22,%22header_2_text_color%22%93}\u00a0\u00bb]<\/p>\n<h2>Les <span class=\"mpi-underline-yellow\">avantages<\/span> pour les clients<\/h2>\n<p>[\/et_pb_text][et_pb_text _builder_version=\u00a0\u00bb4.20.2&Prime; text_font=\u00a0\u00bb|300|||||||\u00a0\u00bb text_font_size=\u00a0\u00bb19px\u00a0\u00bb text_line_height=\u00a0\u00bb1.8em\u00a0\u00bb custom_margin=\u00a0\u00bb||||false|false\u00a0\u00bb animation_direction=\u00a0\u00bbbottom\u00a0\u00bb global_colors_info=\u00a0\u00bb{}\u00a0\u00bb]<\/p>\n<p><span style=\"font-weight: 400;\">La fusion de <strong>Data Syscom<\/strong> avec <strong>MPI Tech <\/strong>a apport\u00e9 de nombreux avantages pour les clients des deux entreprises. Les clients b\u00e9n\u00e9ficient d\u00e9sormais de l&rsquo;expertise de <strong>MPI Tech <\/strong>dans les environnements mainframe, de l&rsquo;expertise dans la gestion des donn\u00e9es et des applications m\u00e9tier. <\/span><\/p>\n<p><span style=\"font-weight: 400;\">De plus, ils peuvent acc\u00e9der \u00e0 une gamme \u00e9largie de solutions innovantes pour r\u00e9pondre \u00e0 leurs besoins sp\u00e9cifiques en mati\u00e8re de gestion documentaire. <\/span><span style=\"font-weight: 400;\"><\/span><\/p>\n<p><span style=\"font-weight: 400;\"><\/span><\/p>\n<p>[\/et_pb_text][\/et_pb_column][\/et_pb_row][\/et_pb_section][et_pb_section fb_built=\u00a0\u00bb1&Prime; disabled_on=\u00a0\u00bboff|off|off\u00a0\u00bb admin_label=\u00a0\u00bbgrey moyennement fonc\u00e9 &#8211; avec image du fond\u00a0\u00bb _builder_version=\u00a0\u00bb4.16&Prime; background_enable_color=\u00a0\u00bboff\u00a0\u00bb use_background_color_gradient=\u00a0\u00bbon\u00a0\u00bb background_color_gradient_stops=\u00a0\u00bb#ffffff 0%|rgba(255,255,255,0.33) 35%\u00a0\u00bb background_color_gradient_overlays_image=\u00a0\u00bbon\u00a0\u00bb background_color_gradient_start=\u00a0\u00bb#ffffff\u00a0\u00bb background_color_gradient_end=\u00a0\u00bbrgba(255,255,255,0.33)\u00a0\u00bb background_color_gradient_end_position=\u00a0\u00bb35%\u00a0\u00bb background_image=\u00a0\u00bbhttps:\/\/www.mpitech.com\/wp-content\/uploads\/groupe-contact-mappe-monde.png\u00a0\u00bb min_height=\u00a0\u00bb340px\u00a0\u00bb custom_margin=\u00a0\u00bb0px||0px||true|false\u00a0\u00bb custom_padding=\u00a0\u00bb0px||0px||true|false\u00a0\u00bb top_divider_color=\u00a0\u00bb#f5f5f5&Prime; top_divider_flip=\u00a0\u00bbvertical\u00a0\u00bb top_divider_arrangement=\u00a0\u00bbabove_content\u00a0\u00bb bottom_divider_style=\u00a0\u00bbslant2&Prime; bottom_divider_color=\u00a0\u00bbgcid-0d24489f-1a7d-489f-a276-8f389c9a7009&Prime; bottom_divider_flip=\u00a0\u00bbhorizontal\u00a0\u00bb bottom_divider_style_tablet=\u00a0\u00bb\u00a0\u00bb bottom_divider_style_phone=\u00a0\u00bb\u00a0\u00bb bottom_divider_style_last_edited=\u00a0\u00bbon|phone\u00a0\u00bb saved_tabs=\u00a0\u00bball\u00a0\u00bb locked=\u00a0\u00bboff\u00a0\u00bb global_colors_info=\u00a0\u00bb{%22gcid-0d24489f-1a7d-489f-a276-8f389c9a7009%22:%91%22bottom_divider_color%22%93}\u00a0\u00bb][et_pb_row _builder_version=\u00a0\u00bb4.16&Prime; _module_preset=\u00a0\u00bbdefault\u00a0\u00bb custom_padding=\u00a0\u00bb||70px||false|false\u00a0\u00bb global_colors_info=\u00a0\u00bb{}\u00a0\u00bb][et_pb_column type=\u00a0\u00bb4_4&Prime; _builder_version=\u00a0\u00bb4.16&Prime; _module_preset=\u00a0\u00bbdefault\u00a0\u00bb global_colors_info=\u00a0\u00bb{}\u00a0\u00bb][et_pb_text admin_label=\u00a0\u00bbAccroche Contact\u00a0\u00bb _builder_version=\u00a0\u00bb4.19.5&Prime; _module_preset=\u00a0\u00bbdefault\u00a0\u00bb header_3_text_align=\u00a0\u00bbcenter\u00a0\u00bb header_3_font_size=\u00a0\u00bb26px\u00a0\u00bb header_3_line_height=\u00a0\u00bb1.4em\u00a0\u00bb header_3_font_size_tablet=\u00a0\u00bb\u00a0\u00bb header_3_font_size_phone=\u00a0\u00bb20px\u00a0\u00bb header_3_font_size_last_edited=\u00a0\u00bbon|phone\u00a0\u00bb global_colors_info=\u00a0\u00bb{}\u00a0\u00bb]<\/p>\n<h3>Nous sommes \u00e0 vos c\u00f4t\u00e9s&#8230;<br \/>partout dans le monde<\/h3>\n<p>[\/et_pb_text][et_pb_text _builder_version=\u00a0\u00bb4.19.5&Prime; _module_preset=\u00a0\u00bbdefault\u00a0\u00bb text_orientation=\u00a0\u00bbcenter\u00a0\u00bb global_colors_info=\u00a0\u00bb{}\u00a0\u00bb]<\/p>\n<p class=\"dsc-btn-losange\"><a href=\"https:\/\/www.mpitech.com\/fr\/contact\/\">Contacter MPI Tech<\/a><\/p>\n<p>&nbsp;[\/et_pb_text][\/et_pb_column][\/et_pb_row][\/et_pb_section]<\/p>","protected":false},"excerpt":{"rendered":"<p>\u00a0Data Syscom Data Syscom et MPI Tech&nbsp;: une fusion r\u00e9ussie<nav aria-label=\"breadcrumbs\" class=\"rank-math-breadcrumb\"><p><span class=\"last\">Accueil<\/span><\/p><\/nav>MPI Tech &amp; Data Syscom&nbsp;: un parcours commun d&rsquo;innovation dans l&rsquo;impression et la gestion documentaireMPI Tech &#8211; Data Syscom est reconnue pour son expertise en mati\u00e8re de gestion documentaire. L&rsquo;entreprise a connu une \u00e9volution remarquable depuis sa cr\u00e9ation, en proposant des solutions innovantes et [&hellip;]<\/p>","protected":false},"author":2,"featured_media":265116,"parent":38,"menu_order":6,"comment_status":"closed","ping_status":"closed","template":"","meta":{"_et_pb_use_builder":"on","_et_pb_old_content":"<!-- wp:divi\/placeholder \/-->","_et_gb_content_width":"","_searchwp_excluded":"","footnotes":""},"class_list":["post-262056","page","type-page","status-publish","has-post-thumbnail","hentry"],"_links":{"self":[{"href":"https:\/\/www.mpitech.com\/fr\/wp-json\/wp\/v2\/pages\/262056","targetHints":{"allow":["GET"]}}],"collection":[{"href":"https:\/\/www.mpitech.com\/fr\/wp-json\/wp\/v2\/pages"}],"about":[{"href":"https:\/\/www.mpitech.com\/fr\/wp-json\/wp\/v2\/types\/page"}],"author":[{"embeddable":true,"href":"https:\/\/www.mpitech.com\/fr\/wp-json\/wp\/v2\/users\/2"}],"replies":[{"embeddable":true,"href":"https:\/\/www.mpitech.com\/fr\/wp-json\/wp\/v2\/comments?post=262056"}],"version-history":[{"count":0,"href":"https:\/\/www.mpitech.com\/fr\/wp-json\/wp\/v2\/pages\/262056\/revisions"}],"up":[{"embeddable":true,"href":"https:\/\/www.mpitech.com\/fr\/wp-json\/wp\/v2\/pages\/38"}],"wp:featuredmedia":[{"embeddable":true,"href":"https:\/\/www.mpitech.com\/fr\/wp-json\/wp\/v2\/media\/265116"}],"wp:attachment":[{"href":"https:\/\/www.mpitech.com\/fr\/wp-json\/wp\/v2\/media?parent=262056"}],"curies":[{"name":"wp","href":"https:\/\/api.w.org\/{rel}","templated":true}]}}