


{"id":282282,"date":"2025-06-24T10:17:25","date_gmt":"2025-06-24T09:17:25","guid":{"rendered":"https:\/\/www.mpitech.com\/?page_id=282282"},"modified":"2025-06-30T10:08:05","modified_gmt":"2025-06-30T09:08:05","slug":"accessibilite","status":"publish","type":"page","link":"https:\/\/www.mpitech.com\/fr\/accessibilite\/","title":{"rendered":"Accessibilit\u00e9"},"content":{"rendered":"<p>[et_pb_section fb_built=\u00a0\u00bb1&Prime; _builder_version=\u00a0\u00bb4.19.5&Prime; _module_preset=\u00a0\u00bbdefault\u00a0\u00bb background_color_gradient_direction=\u00a0\u00bb360deg\u00a0\u00bb background_color_gradient_start=\u00a0\u00bbrgba(104,109,116,0.56)\u00a0\u00bb background_color_gradient_end=\u00a0\u00bbrgba(28,38,48,0.74)\u00a0\u00bb background_image=\u00a0\u00bbhttps:\/\/www.mpitech.com\/wp-content\/uploads\/mpi-tech-data-syscom-mentions-legales.webp\u00a0\u00bb height=\u00a0\u00bb350px\u00a0\u00bb custom_margin=\u00a0\u00bb||||false|false\u00a0\u00bb bottom_divider_color=\u00a0\u00bbgcid-8339cae1-8886-4e7e-ac53-1d635c1ad749&Prime; bottom_divider_flip=\u00a0\u00bbhorizontal\u00a0\u00bb global_colors_info=\u00a0\u00bb{%22gcid-8339cae1-8886-4e7e-ac53-1d635c1ad749%22:%91%22bottom_divider_color%22%93}\u00a0\u00bb][et_pb_row use_custom_gutter=\u00a0\u00bbon\u00a0\u00bb gutter_width=\u00a0\u00bb1&Prime; _builder_version=\u00a0\u00bb4.19.5&Prime; _module_preset=\u00a0\u00bbdefault\u00a0\u00bb width=\u00a0\u00bb70%\u00a0\u00bb width_tablet=\u00a0\u00bb95%\u00a0\u00bb width_phone=\u00a0\u00bb95%\u00a0\u00bb width_last_edited=\u00a0\u00bbon|phone\u00a0\u00bb max_width=\u00a0\u00bb95%\u00a0\u00bb module_alignment=\u00a0\u00bbcenter\u00a0\u00bb custom_margin=\u00a0\u00bb||||false|false\u00a0\u00bb custom_margin_tablet=\u00a0\u00bb0px||||false|false\u00a0\u00bb custom_margin_phone=\u00a0\u00bb0em||||false|false\u00a0\u00bb custom_margin_last_edited=\u00a0\u00bbon|phone\u00a0\u00bb global_colors_info=\u00a0\u00bb{}\u00a0\u00bb][et_pb_column type=\u00a0\u00bb4_4&Prime; _builder_version=\u00a0\u00bb4.16&Prime; _module_preset=\u00a0\u00bbdefault\u00a0\u00bb global_colors_info=\u00a0\u00bb{}\u00a0\u00bb][et_pb_text _builder_version=\u00a0\u00bb4.27.4&Prime; _module_preset=\u00a0\u00bbdefault\u00a0\u00bb text_font=\u00a0\u00bbPoppins||||||||\u00a0\u00bb text_text_color=\u00a0\u00bb#FFFFFF\u00a0\u00bb text_font_size=\u00a0\u00bb20px\u00a0\u00bb text_line_height=\u00a0\u00bb1.8em\u00a0\u00bb header_font=\u00a0\u00bbPoppins|600|||||||\u00a0\u00bb header_text_color=\u00a0\u00bb#FFFFFF\u00a0\u00bb header_font_size=\u00a0\u00bb46px\u00a0\u00bb header_line_height=\u00a0\u00bb1.5em\u00a0\u00bb header_2_font=\u00a0\u00bbPoppins|600|||||||\u00a0\u00bb header_2_text_color=\u00a0\u00bb#FFFFFF\u00a0\u00bb header_2_line_height=\u00a0\u00bb1.5em\u00a0\u00bb text_orientation=\u00a0\u00bbcenter\u00a0\u00bb width=\u00a0\u00bb100%\u00a0\u00bb custom_padding=\u00a0\u00bb2em||||false|false\u00a0\u00bb hover_enabled=\u00a0\u00bb0&Prime; text_font_size_tablet=\u00a0\u00bb16px\u00a0\u00bb text_font_size_phone=\u00a0\u00bb14px\u00a0\u00bb text_font_size_last_edited=\u00a0\u00bbon|phone\u00a0\u00bb header_font_size_tablet=\u00a0\u00bb36px\u00a0\u00bb header_font_size_phone=\u00a0\u00bb30px\u00a0\u00bb header_font_size_last_edited=\u00a0\u00bbon|phone\u00a0\u00bb header_2_font_size_tablet=\u00a0\u00bb20px\u00a0\u00bb header_2_font_size_phone=\u00a0\u00bb20px\u00a0\u00bb header_2_font_size_last_edited=\u00a0\u00bbon|phone\u00a0\u00bb global_colors_info=\u00a0\u00bb{}\u00a0\u00bb sticky_enabled=\u00a0\u00bb0&Prime;]<\/p>\n<h1 class=\"page-title\" style=\"text-align: center;\"><span>\u00a0D\u00e9claration<br \/>d&rsquo;accessibilit\u00e9<\/span><\/h1>\n<p>[\/et_pb_text][\/et_pb_column][\/et_pb_row][\/et_pb_section][et_pb_section fb_built=\u00a0\u00bb1&Prime; disabled_on=\u00a0\u00bbon|on|off\u00a0\u00bb _builder_version=\u00a0\u00bb4.16&Prime; _module_preset=\u00a0\u00bbdefault\u00a0\u00bb background_color=\u00a0\u00bbgcid-8339cae1-8886-4e7e-ac53-1d635c1ad749&Prime; width=\u00a0\u00bb100%\u00a0\u00bb max_width=\u00a0\u00bb100%\u00a0\u00bb custom_padding=\u00a0\u00bb4px||6px|||\u00a0\u00bb global_module=\u00a0\u00bb242934&Prime; locked=\u00a0\u00bboff\u00a0\u00bb global_colors_info=\u00a0\u00bb{%22gcid-8339cae1-8886-4e7e-ac53-1d635c1ad749%22:%91%22background_color%22%93}\u00a0\u00bb][et_pb_row make_equal=\u00a0\u00bbon\u00a0\u00bb _builder_version=\u00a0\u00bb4.21.0&Prime; _module_preset=\u00a0\u00bbdefault\u00a0\u00bb width=\u00a0\u00bb89%\u00a0\u00bb max_width=\u00a0\u00bb89%\u00a0\u00bb custom_padding=\u00a0\u00bb6px||3px||false|false\u00a0\u00bb global_colors_info=\u00a0\u00bb{}\u00a0\u00bb][et_pb_column type=\u00a0\u00bb4_4&Prime; _builder_version=\u00a0\u00bb4.16&Prime; _module_preset=\u00a0\u00bbdefault\u00a0\u00bb global_colors_info=\u00a0\u00bb{}\u00a0\u00bb][et_pb_text admin_label=\u00a0\u00bbRankMath Breadcrumbs shortcode\u00a0\u00bb _builder_version=\u00a0\u00bb4.21.0&Prime; _module_preset=\u00a0\u00bbdefault\u00a0\u00bb global_colors_info=\u00a0\u00bb{}\u00a0\u00bb]<\/p>\n<nav aria-label=\"breadcrumbs\" class=\"rank-math-breadcrumb\"><p><span class=\"last\">Accueil<\/span><\/p><\/nav>\n<p>[\/et_pb_text][\/et_pb_column][\/et_pb_row][\/et_pb_section][et_pb_section fb_built=\u00a0\u00bb1&Prime; admin_label=\u00a0\u00bbContact Info\u00a0\u00bb _builder_version=\u00a0\u00bb4.16&Prime; background_color=\u00a0\u00bbgcid-8339cae1-8886-4e7e-ac53-1d635c1ad749&Prime; custom_padding=\u00a0\u00bb||108px|||\u00a0\u00bb bottom_divider_style=\u00a0\u00bbslant2&Prime; bottom_divider_color=\u00a0\u00bbgcid-0d24489f-1a7d-489f-a276-8f389c9a7009&Prime; bottom_divider_flip=\u00a0\u00bbhorizontal\u00a0\u00bb global_colors_info=\u00a0\u00bb{%22gcid-0d24489f-1a7d-489f-a276-8f389c9a7009%22:%91%22bottom_divider_color%22%93,%22gcid-8339cae1-8886-4e7e-ac53-1d635c1ad749%22:%91%22background_color%22%93}\u00a0\u00bb][et_pb_row use_custom_gutter=\u00a0\u00bbon\u00a0\u00bb gutter_width=\u00a0\u00bb1&Prime; _builder_version=\u00a0\u00bb4.20.2&Prime; _module_preset=\u00a0\u00bbdefault\u00a0\u00bb background_color=\u00a0\u00bbRGBA(255,255,255,0)\u00a0\u00bb width=\u00a0\u00bb50%\u00a0\u00bb width_tablet=\u00a0\u00bb90%\u00a0\u00bb width_phone=\u00a0\u00bb\u00a0\u00bb width_last_edited=\u00a0\u00bbon|phone\u00a0\u00bb max_width=\u00a0\u00bb750px\u00a0\u00bb custom_padding=\u00a0\u00bb0px|||||\u00a0\u00bb global_colors_info=\u00a0\u00bb{}\u00a0\u00bb][et_pb_column type=\u00a0\u00bb4_4&Prime; _builder_version=\u00a0\u00bb4.16&Prime; _module_preset=\u00a0\u00bbdefault\u00a0\u00bb global_colors_info=\u00a0\u00bb{}\u00a0\u00bb][et_pb_text ul_item_indent=\u00a0\u00bb3em\u00a0\u00bb _builder_version=\u00a0\u00bb4.27.4&Prime; _module_preset=\u00a0\u00bbdefault\u00a0\u00bb text_line_height=\u00a0\u00bb1.9em\u00a0\u00bb ul_line_height=\u00a0\u00bb1.7em\u00a0\u00bb header_2_line_height=\u00a0\u00bb1.6em\u00a0\u00bb background_color=\u00a0\u00bbRGBA(255,255,255,0)\u00a0\u00bb custom_margin=\u00a0\u00bb||||false|false\u00a0\u00bb custom_padding=\u00a0\u00bb0.5em|2em|0.5em|2em|true|false\u00a0\u00bb border_radii=\u00a0\u00bboff|24px|4px|24px|4px\u00a0\u00bb global_colors_info=\u00a0\u00bb{}\u00a0\u00bb]<\/p>\n<h2><span>D\u00e9claration d&rsquo;accessibilit\u00e9<\/span><\/h2>\n<p>MPI Tech <span>s\u2019engage \u00e0 rendre ses sites internet, intranet, extranet et ses progiciels accessibles (et ses applications mobiles et mobilier urbain num\u00e9rique) conform\u00e9ment \u00e0 l\u2019article 47 de la loi n\u00b02005-102 du 11 f\u00e9vrier 2005.<\/span><\/p>\n<p>\u00c0 cette fin, MPI Tech met en \u0153uvre la strat\u00e9gie et les actions suivantes&nbsp;:<\/p>\n<ul>\n<li><strong>Sch\u00e9ma pluriannuel 2025-2027<\/strong><\/li>\n<li><strong>Plan d\u2019action de l\u2019ann\u00e9e en cours<\/strong><strong><\/strong><\/li>\n<\/ul>\n<p><em>Ces documents seront disponibles tr\u00e8s prochainement.<\/em><\/p>\n<p>Cette d\u00e9claration d\u2019accessibilit\u00e9 s\u2019applique au site <a href=\"https:\/\/www.mpitech.com\">https:\/\/www.mpitech.com<\/a><\/p>\n<p>[\/et_pb_text][et_pb_text ul_item_indent=\u00a0\u00bb3em\u00a0\u00bb _builder_version=\u00a0\u00bb4.27.4&Prime; _module_preset=\u00a0\u00bbdefault\u00a0\u00bb text_line_height=\u00a0\u00bb1.9em\u00a0\u00bb ul_line_height=\u00a0\u00bb1.7em\u00a0\u00bb header_2_line_height=\u00a0\u00bb1.6em\u00a0\u00bb background_color=\u00a0\u00bbRGBA(255,255,255,0)\u00a0\u00bb custom_margin=\u00a0\u00bb||||false|false\u00a0\u00bb custom_padding=\u00a0\u00bb0.5em|2em|0.5em|2em|true|false\u00a0\u00bb border_radii=\u00a0\u00bboff|24px|4px|24px|4px\u00a0\u00bb global_colors_info=\u00a0\u00bb{}\u00a0\u00bb]<\/p>\n<h2>Etat de conformit\u00e9<\/h2>\n<p>Le site de MPI Tech est <span style=\"text-decoration: underline;\"><strong>partiellement<\/strong><\/span> conforme avec le r\u00e9f\u00e9rentiel g\u00e9n\u00e9ral d\u2019am\u00e9lioration de l\u2019accessibilit\u00e9 (RGAA), version 4 en raison des non-conformit\u00e9s et des d\u00e9rogations \u00e9num\u00e9r\u00e9es ci-dessous.<\/p>\n<p>Nous sommes r\u00e9solument engag\u00e9s envers un web pour tous. Nous aspirons, dans une vision \u00e0 long terme et responsable, \u00e0 r\u00e9pondre pleinement aux exigences r\u00e9glementaires.<\/p>\n<p>[\/et_pb_text][et_pb_text ul_item_indent=\u00a0\u00bb3em\u00a0\u00bb _builder_version=\u00a0\u00bb4.27.4&Prime; _module_preset=\u00a0\u00bbdefault\u00a0\u00bb text_line_height=\u00a0\u00bb1.9em\u00a0\u00bb ul_line_height=\u00a0\u00bb1.7em\u00a0\u00bb header_2_line_height=\u00a0\u00bb1.6em\u00a0\u00bb background_color=\u00a0\u00bbRGBA(255,255,255,0)\u00a0\u00bb custom_margin=\u00a0\u00bb||||false|false\u00a0\u00bb custom_padding=\u00a0\u00bb0.5em|2em|0.5em|2em|true|false\u00a0\u00bb border_radii=\u00a0\u00bboff|24px|4px|24px|4px\u00a0\u00bb global_colors_info=\u00a0\u00bb{}\u00a0\u00bb]<\/p>\n<h2>R\u00e9sultat des tests<\/h2>\n<p>L\u2019audit de conformit\u00e9 testant 106 crit\u00e8res r\u00e9alis\u00e9 sur le site gouvernemental Ara (https:\/\/ara.numerique.gouv.fr\/) r\u00e9v\u00e8le que le taux global de conformit\u00e9 est de 79%.<\/p>\n<p>Le taux global de conformit\u00e9 au RGAA est calcul\u00e9 de la mani\u00e8re suivante\u00a0:<\/p>\n<p><strong>C \/ (C + NC)<\/strong><\/p>\n<p><span><strong>C<\/strong><\/span>\u00a0= nombre de crit\u00e8res conformes<br \/><span><strong>NC<\/strong><\/span> = nombre de crit\u00e8res non conforme<\/p>\n<p>[\/et_pb_text][et_pb_text ul_item_indent=\u00a0\u00bb3em\u00a0\u00bb _builder_version=\u00a0\u00bb4.27.4&Prime; _module_preset=\u00a0\u00bbdefault\u00a0\u00bb text_line_height=\u00a0\u00bb1.9em\u00a0\u00bb ul_line_height=\u00a0\u00bb1.7em\u00a0\u00bb header_2_line_height=\u00a0\u00bb1.6em\u00a0\u00bb background_color=\u00a0\u00bbRGBA(255,255,255,0)\u00a0\u00bb custom_margin=\u00a0\u00bb||||false|false\u00a0\u00bb custom_padding=\u00a0\u00bb0.5em|2em|0.5em|2em|true|false\u00a0\u00bb border_radii=\u00a0\u00bboff|24px|4px|24px|4px\u00a0\u00bb global_colors_info=\u00a0\u00bb{}\u00a0\u00bb]<\/p>\n<h2>Contenus non accessibles<\/h2>\n<p>Les contenus list\u00e9s ci-dessous ne sont pas accessibles pour les raisons suivantes.<\/p>\n<h3>Non conformit\u00e9s<\/h3>\n<p>Plusieurs \u00e9l\u00e9ments de non-conformit\u00e9 sont d\u00e9crits dans ce document, dont certains r\u00e9currents sur de nombreuses pages&nbsp;:<\/p>\n<ul>\n<li>Les images porteuses d\u2019information ne contiennent pas de description.<\/li>\n<li>Les images texte porteuses d\u2019information manquent de m\u00e9canisme de remplacement.<\/li>\n<li>Le contraste entre la couleur du texte et la couleur de son arri\u00e8re-plan n\u2019est pas suffisamment \u00e9lev\u00e9.<\/li>\n<li>Certaines couleurs utilis\u00e9es dans les composants d\u2019interface ou les \u00e9l\u00e9ments graphiques porteurs d\u2019informations ne sont pas suffisamment contrast\u00e9s.<\/li>\n<li>Les liens ne comportent pas d\u2019intitul\u00e9s.<\/li>\n<li>L\u2019information sur certaines pages contenant des formulaires ne reste pas compr\u00e9hensible lors que les feuilles de styles sont d\u00e9sactiv\u00e9es.<\/li>\n<li>Pour chaque \u00e9l\u00e9ment recevant le focus, la prise de focus n\u2019est pas syst\u00e9matiquement visible.<\/li>\n<li>Les contenus additionnels apparaissant \u00e0 la prise de focus ou au survol d\u2019un composant d\u2019interface ne sont pas tous contr\u00f4lables par l\u2019utilisateur.<\/li>\n<li>Les formulaires\n<ul>\n<li>n\u2019ont pas tous des champs avec \u00e9tiquette&nbsp;;<\/li>\n<li>ne poss\u00e9dant pas ces \u00e9tiquettes, les informations du formulaire ne sont pas pertinentes&nbsp;;<\/li>\n<li>les \u00e9tiquettes ne sont pas accol\u00e9es aux champs associ\u00e9s.<\/li>\n<\/ul>\n<\/li>\n<li>Les contenus additionnels apparaissant au survol, \u00e0 la prise de focus ou \u00e0 l\u2019activation d\u2019un composant d\u2019interface ne sont pas tous atteignables au clavier.<\/li>\n<\/ul>\n<p>[\/et_pb_text][et_pb_text ul_item_indent=\u00a0\u00bb3em\u00a0\u00bb _builder_version=\u00a0\u00bb4.27.4&Prime; _module_preset=\u00a0\u00bbdefault\u00a0\u00bb text_line_height=\u00a0\u00bb1.9em\u00a0\u00bb ul_line_height=\u00a0\u00bb1.7em\u00a0\u00bb header_2_line_height=\u00a0\u00bb1.6em\u00a0\u00bb background_color=\u00a0\u00bbRGBA(255,255,255,0)\u00a0\u00bb custom_margin=\u00a0\u00bb||||false|false\u00a0\u00bb custom_padding=\u00a0\u00bb0.5em|2em|0.5em|2em|true|false\u00a0\u00bb border_radii=\u00a0\u00bboff|24px|4px|24px|4px\u00a0\u00bb global_colors_info=\u00a0\u00bb{}\u00a0\u00bb]<\/p>\n<h2>Etablissement de cette d\u00e9claration d\u2019accessibilit\u00e9<\/h2>\n<p>Cette d\u00e9claration a \u00e9t\u00e9 \u00e9tablie le 26\/06\/2025.<\/p>\n<p>&nbsp;<\/p>\n<h3><span>Technologies utilis\u00e9es pour la r\u00e9alisation du site<\/span><\/h3>\n<ul>\n<li>HTML5<\/li>\n<li>CSS<\/li>\n<li>JavaScript<\/li>\n<\/ul>\n<h3>Environnement de test<\/h3>\n<ul>\n<li>NVDA<\/li>\n<\/ul>\n<h3>Outils pour \u00e9valuer l\u2019accessibilit\u00e9<\/h3>\n<ul>\n<li>Web Developer Toolbar<\/li>\n<li>WCAG \u2013 Color Contrast checker<\/li>\n<li>Colorblindy<\/li>\n<li>Stylus<\/li>\n<li>Accessible Web<\/li>\n<li>WAVE (web accessibility evaluation tool)<\/li>\n<li>Axe DevTools \u2013 Web Accessibility Testing<\/li>\n<li>Assistant RGAA<\/li>\n<\/ul>\n<h3 id=\"pages-du-site-ayant-fait-lobjet-de-la-verification-de-conformite\">Pages du site ayant fait l\u2019objet de la v\u00e9rification de conformit\u00e9<\/h3>\n<ul>\n<li>Page d&rsquo;Accueil<\/li>\n<li>Page Solutions &#8211; gestion de la communication client<\/li>\n<li>Page Secteur &#8211; banque finance<\/li>\n<li>Page Produit &#8211; BlueServer<\/li>\n<li>Page Contact<\/li>\n<li>Page Mentions l\u00e9gales<\/li>\n<li>Page Accessibilit\u00e9<\/li>\n<li>Page Plan du site<\/li>\n<\/ul>\n<p>[\/et_pb_text][et_pb_text ul_item_indent=\u00a0\u00bb3em\u00a0\u00bb _builder_version=\u00a0\u00bb4.27.4&Prime; _module_preset=\u00a0\u00bbdefault\u00a0\u00bb text_line_height=\u00a0\u00bb1.9em\u00a0\u00bb ul_line_height=\u00a0\u00bb1.7em\u00a0\u00bb header_2_line_height=\u00a0\u00bb1.6em\u00a0\u00bb background_color=\u00a0\u00bbRGBA(255,255,255,0)\u00a0\u00bb custom_margin=\u00a0\u00bb||||false|false\u00a0\u00bb custom_padding=\u00a0\u00bb0.5em|2em|0.5em|2em|true|false\u00a0\u00bb border_radii=\u00a0\u00bboff|24px|4px|24px|4px\u00a0\u00bb global_colors_info=\u00a0\u00bb{}\u00a0\u00bb]<\/p>\n<h2>Retour d\u2019information et contact<\/h2>\n<p>Si vous n\u2019arrivez pas \u00e0 acc\u00e9der \u00e0 un contenu ou \u00e0 un service, vous pouvez nous contacter par email afin d\u2019\u00eatre orient\u00e9 vers une alternative accessible ou recevoir le contenu sous une autre forme.<\/p>\n<ul>\n<li>\u00a0Email de contact&nbsp;: <a href=\"mailto:accessibility@mpitech.com\"><strong>accessibility@mpitech.com<\/strong><\/a><\/li>\n<\/ul>\n<p>[\/et_pb_text][et_pb_text ul_item_indent=\u00a0\u00bb3em\u00a0\u00bb _builder_version=\u00a0\u00bb4.27.4&Prime; _module_preset=\u00a0\u00bbdefault\u00a0\u00bb text_line_height=\u00a0\u00bb1.9em\u00a0\u00bb ul_line_height=\u00a0\u00bb1.7em\u00a0\u00bb header_2_line_height=\u00a0\u00bb1.6em\u00a0\u00bb background_color=\u00a0\u00bbRGBA(255,255,255,0)\u00a0\u00bb custom_margin=\u00a0\u00bb||3em||false|false\u00a0\u00bb custom_padding=\u00a0\u00bb0.5em|2em|0.5em|2em|true|false\u00a0\u00bb border_radii=\u00a0\u00bboff|24px|4px|24px|4px\u00a0\u00bb global_colors_info=\u00a0\u00bb{}\u00a0\u00bb]<\/p>\n<h2>Voies de recours<\/h2>\n<p>Si vous constatez un d\u00e9faut d\u2019accessibilit\u00e9 vous emp\u00eachant d\u2019acc\u00e9der \u00e0 un contenu ou une fonctionnalit\u00e9 du site, que vous nous le signalez et que vous ne parvenez pas \u00e0 obtenir une r\u00e9ponse de notre part, vous \u00eates en droit de faire parvenir vos dol\u00e9ances ou une demande de saisine au D\u00e9fenseur des droits.<\/p>\n<p>Plusieurs moyens sont \u00e0 votre disposition&nbsp;:<\/p>\n<ul>\n<li>\u00c9crire un message au D\u00e9fenseur des droits<\/li>\n<li>Contacter le d\u00e9l\u00e9gu\u00e9 du D\u00e9fenseur des droits dans votre r\u00e9gion<\/li>\n<li>Envoyer un courrier par la poste (gratuit, ne pas mettre de timbre) \u00e0&nbsp;:<\/li>\n<\/ul>\n<p style=\"padding-left: 40px;\"><em>D\u00e9fenseur des droits<\/em><br \/><em>Libre r\u00e9ponse 71120<\/em><br \/><em>75342 Paris CEDEX 07<\/em><\/p>\n<p>[\/et_pb_text][\/et_pb_column][\/et_pb_row][\/et_pb_section]<\/p>","protected":false},"excerpt":{"rendered":"<p>\u00a0D\u00e9clarationd&rsquo;accessibilit\u00e9<nav aria-label=\"breadcrumbs\" class=\"rank-math-breadcrumb\"><p><span class=\"last\">Accueil<\/span><\/p><\/nav>D\u00e9claration d&rsquo;accessibilit\u00e9 MPI Tech s\u2019engage \u00e0 rendre ses sites internet, intranet, extranet et ses progiciels accessibles (et ses applications mobiles et mobilier urbain num\u00e9rique) conform\u00e9ment \u00e0 l\u2019article 47 de la loi n\u00b02005-102 du 11 f\u00e9vrier 2005. \u00c0 cette fin, MPI Tech met en \u0153uvre la strat\u00e9gie et les actions suivantes&nbsp;: Sch\u00e9ma pluriannuel 2025-2027 Plan [&hellip;]<\/p>","protected":false},"author":2,"featured_media":0,"parent":0,"menu_order":0,"comment_status":"closed","ping_status":"closed","template":"","meta":{"_et_pb_use_builder":"on","_et_pb_old_content":"<!-- wp:divi\/placeholder \/-->","_et_gb_content_width":"","_searchwp_excluded":"","footnotes":""},"class_list":["post-282282","page","type-page","status-publish","hentry"],"_links":{"self":[{"href":"https:\/\/www.mpitech.com\/fr\/wp-json\/wp\/v2\/pages\/282282","targetHints":{"allow":["GET"]}}],"collection":[{"href":"https:\/\/www.mpitech.com\/fr\/wp-json\/wp\/v2\/pages"}],"about":[{"href":"https:\/\/www.mpitech.com\/fr\/wp-json\/wp\/v2\/types\/page"}],"author":[{"embeddable":true,"href":"https:\/\/www.mpitech.com\/fr\/wp-json\/wp\/v2\/users\/2"}],"replies":[{"embeddable":true,"href":"https:\/\/www.mpitech.com\/fr\/wp-json\/wp\/v2\/comments?post=282282"}],"version-history":[{"count":0,"href":"https:\/\/www.mpitech.com\/fr\/wp-json\/wp\/v2\/pages\/282282\/revisions"}],"wp:attachment":[{"href":"https:\/\/www.mpitech.com\/fr\/wp-json\/wp\/v2\/media?parent=282282"}],"curies":[{"name":"wp","href":"https:\/\/api.w.org\/{rel}","templated":true}]}}