


{"id":48,"date":"2020-11-17T15:49:30","date_gmt":"2020-11-17T14:49:30","guid":{"rendered":"https:\/\/www.mpitech.com\/?page_id=48"},"modified":"2025-09-09T13:29:43","modified_gmt":"2025-09-09T12:29:43","slug":"mentions-legales","status":"publish","type":"page","link":"https:\/\/www.mpitech.com\/fr\/mentions-legales\/","title":{"rendered":"Mentions l\u00e9gales"},"content":{"rendered":"<p>[et_pb_section fb_built=\u00a0\u00bb1&Prime; _builder_version=\u00a0\u00bb4.19.5&Prime; _module_preset=\u00a0\u00bbdefault\u00a0\u00bb background_color_gradient_direction=\u00a0\u00bb360deg\u00a0\u00bb background_color_gradient_start=\u00a0\u00bbrgba(104,109,116,0.56)\u00a0\u00bb background_color_gradient_end=\u00a0\u00bbrgba(28,38,48,0.74)\u00a0\u00bb background_image=\u00a0\u00bbhttps:\/\/www.mpitech.com\/wp-content\/uploads\/mpi-tech-data-syscom-mentions-legales.webp\u00a0\u00bb height=\u00a0\u00bb350px\u00a0\u00bb custom_margin=\u00a0\u00bb||||false|false\u00a0\u00bb bottom_divider_color=\u00a0\u00bbgcid-8339cae1-8886-4e7e-ac53-1d635c1ad749&Prime; bottom_divider_flip=\u00a0\u00bbhorizontal\u00a0\u00bb global_colors_info=\u00a0\u00bb{%22gcid-8339cae1-8886-4e7e-ac53-1d635c1ad749%22:%91%22bottom_divider_color%22%93}\u00a0\u00bb][et_pb_row use_custom_gutter=\u00a0\u00bbon\u00a0\u00bb gutter_width=\u00a0\u00bb1&Prime; _builder_version=\u00a0\u00bb4.19.5&Prime; _module_preset=\u00a0\u00bbdefault\u00a0\u00bb width=\u00a0\u00bb70%\u00a0\u00bb width_tablet=\u00a0\u00bb95%\u00a0\u00bb width_phone=\u00a0\u00bb95%\u00a0\u00bb width_last_edited=\u00a0\u00bbon|phone\u00a0\u00bb max_width=\u00a0\u00bb95%\u00a0\u00bb module_alignment=\u00a0\u00bbcenter\u00a0\u00bb custom_margin=\u00a0\u00bb||||false|false\u00a0\u00bb custom_margin_tablet=\u00a0\u00bb0px||||false|false\u00a0\u00bb custom_margin_phone=\u00a0\u00bb0em||||false|false\u00a0\u00bb custom_margin_last_edited=\u00a0\u00bbon|phone\u00a0\u00bb global_colors_info=\u00a0\u00bb{}\u00a0\u00bb][et_pb_column type=\u00a0\u00bb4_4&Prime; _builder_version=\u00a0\u00bb4.16&Prime; _module_preset=\u00a0\u00bbdefault\u00a0\u00bb global_colors_info=\u00a0\u00bb{}\u00a0\u00bb][et_pb_text _builder_version=\u00a0\u00bb4.19.5&Prime; _module_preset=\u00a0\u00bbdefault\u00a0\u00bb text_font=\u00a0\u00bbPoppins||||||||\u00a0\u00bb text_text_color=\u00a0\u00bb#FFFFFF\u00a0\u00bb text_font_size=\u00a0\u00bb20px\u00a0\u00bb text_line_height=\u00a0\u00bb1.8em\u00a0\u00bb header_font=\u00a0\u00bbPoppins|600|||||||\u00a0\u00bb header_text_color=\u00a0\u00bb#FFFFFF\u00a0\u00bb header_font_size=\u00a0\u00bb46px\u00a0\u00bb header_line_height=\u00a0\u00bb1.5em\u00a0\u00bb header_2_font=\u00a0\u00bbPoppins|600|||||||\u00a0\u00bb header_2_text_color=\u00a0\u00bb#FFFFFF\u00a0\u00bb header_2_line_height=\u00a0\u00bb1.5em\u00a0\u00bb text_orientation=\u00a0\u00bbcenter\u00a0\u00bb width=\u00a0\u00bb100%\u00a0\u00bb custom_padding=\u00a0\u00bb2em||||false|false\u00a0\u00bb text_font_size_tablet=\u00a0\u00bb16px\u00a0\u00bb text_font_size_phone=\u00a0\u00bb14px\u00a0\u00bb text_font_size_last_edited=\u00a0\u00bbon|phone\u00a0\u00bb header_font_size_tablet=\u00a0\u00bb36px\u00a0\u00bb header_font_size_phone=\u00a0\u00bb30px\u00a0\u00bb header_font_size_last_edited=\u00a0\u00bbon|phone\u00a0\u00bb header_2_font_size_tablet=\u00a0\u00bb20px\u00a0\u00bb header_2_font_size_phone=\u00a0\u00bb20px\u00a0\u00bb header_2_font_size_last_edited=\u00a0\u00bbon|phone\u00a0\u00bb global_colors_info=\u00a0\u00bb{}\u00a0\u00bb]<\/p>\n<h1 class=\"et_pb_module_header\">Mentions l\u00e9gales<br \/>MPI Tech\u00a0<\/h1>\n<h2><\/h2>\n<p>[\/et_pb_text][\/et_pb_column][\/et_pb_row][\/et_pb_section][et_pb_section fb_built=\u00a0\u00bb1&Prime; disabled_on=\u00a0\u00bbon|on|off\u00a0\u00bb _builder_version=\u00a0\u00bb4.16&Prime; _module_preset=\u00a0\u00bbdefault\u00a0\u00bb background_color=\u00a0\u00bbgcid-8339cae1-8886-4e7e-ac53-1d635c1ad749&Prime; width=\u00a0\u00bb100%\u00a0\u00bb max_width=\u00a0\u00bb100%\u00a0\u00bb custom_padding=\u00a0\u00bb4px||6px|||\u00a0\u00bb global_module=\u00a0\u00bb242934&Prime; locked=\u00a0\u00bboff\u00a0\u00bb global_colors_info=\u00a0\u00bb{%22gcid-8339cae1-8886-4e7e-ac53-1d635c1ad749%22:%91%22background_color%22%93}\u00a0\u00bb][et_pb_row make_equal=\u00a0\u00bbon\u00a0\u00bb _builder_version=\u00a0\u00bb4.21.0&Prime; _module_preset=\u00a0\u00bbdefault\u00a0\u00bb width=\u00a0\u00bb89%\u00a0\u00bb max_width=\u00a0\u00bb89%\u00a0\u00bb custom_padding=\u00a0\u00bb6px||3px||false|false\u00a0\u00bb global_colors_info=\u00a0\u00bb{}\u00a0\u00bb][et_pb_column type=\u00a0\u00bb4_4&Prime; _builder_version=\u00a0\u00bb4.16&Prime; _module_preset=\u00a0\u00bbdefault\u00a0\u00bb global_colors_info=\u00a0\u00bb{}\u00a0\u00bb][et_pb_text admin_label=\u00a0\u00bbRankMath Breadcrumbs shortcode\u00a0\u00bb _builder_version=\u00a0\u00bb4.21.0&Prime; _module_preset=\u00a0\u00bbdefault\u00a0\u00bb global_colors_info=\u00a0\u00bb{}\u00a0\u00bb]<\/p>\n<nav aria-label=\"breadcrumbs\" class=\"rank-math-breadcrumb\"><p><span class=\"last\">Accueil<\/span><\/p><\/nav>\n<p>[\/et_pb_text][\/et_pb_column][\/et_pb_row][\/et_pb_section][et_pb_section fb_built=\u00a0\u00bb1&Prime; admin_label=\u00a0\u00bbContact Info\u00a0\u00bb _builder_version=\u00a0\u00bb4.16&Prime; background_color=\u00a0\u00bbgcid-8339cae1-8886-4e7e-ac53-1d635c1ad749&Prime; custom_padding=\u00a0\u00bb|1px|108px|||\u00a0\u00bb bottom_divider_style=\u00a0\u00bbslant2&Prime; bottom_divider_color=\u00a0\u00bbgcid-0d24489f-1a7d-489f-a276-8f389c9a7009&Prime; bottom_divider_flip=\u00a0\u00bbhorizontal\u00a0\u00bb global_colors_info=\u00a0\u00bb{%22gcid-0d24489f-1a7d-489f-a276-8f389c9a7009%22:%91%22bottom_divider_color%22%93,%22gcid-8339cae1-8886-4e7e-ac53-1d635c1ad749%22:%91%22background_color%22%93}\u00a0\u00bb][et_pb_row use_custom_gutter=\u00a0\u00bbon\u00a0\u00bb gutter_width=\u00a0\u00bb1&Prime; _builder_version=\u00a0\u00bb4.20.2&Prime; _module_preset=\u00a0\u00bbdefault\u00a0\u00bb background_color=\u00a0\u00bbRGBA(255,255,255,0)\u00a0\u00bb width=\u00a0\u00bb50%\u00a0\u00bb width_tablet=\u00a0\u00bb90%\u00a0\u00bb width_phone=\u00a0\u00bb\u00a0\u00bb width_last_edited=\u00a0\u00bbon|phone\u00a0\u00bb max_width=\u00a0\u00bb750px\u00a0\u00bb custom_padding=\u00a0\u00bb0px|||||\u00a0\u00bb global_colors_info=\u00a0\u00bb{}\u00a0\u00bb][et_pb_column type=\u00a0\u00bb4_4&Prime; _builder_version=\u00a0\u00bb4.16&Prime; _module_preset=\u00a0\u00bbdefault\u00a0\u00bb global_colors_info=\u00a0\u00bb{}\u00a0\u00bb][et_pb_text ul_item_indent=\u00a0\u00bb3em\u00a0\u00bb _builder_version=\u00a0\u00bb4.27.4&Prime; _module_preset=\u00a0\u00bbdefault\u00a0\u00bb text_line_height=\u00a0\u00bb1.9em\u00a0\u00bb ul_line_height=\u00a0\u00bb1.7em\u00a0\u00bb header_2_line_height=\u00a0\u00bb1.6em\u00a0\u00bb background_color=\u00a0\u00bbRGBA(255,255,255,0)\u00a0\u00bb custom_margin=\u00a0\u00bb||||false|false\u00a0\u00bb custom_padding=\u00a0\u00bb0.5em|2em|0.5em|2em|true|false\u00a0\u00bb hover_enabled=\u00a0\u00bb0&Prime; border_radii=\u00a0\u00bboff|24px|4px|24px|4px\u00a0\u00bb global_colors_info=\u00a0\u00bb{}\u00a0\u00bb sticky_enabled=\u00a0\u00bb0&Prime;]<\/p>\n<h2>Conception du site<\/h2>\n<p><strong><\/strong><br \/><strong><a target=\"_blank\" href=\"https:\/\/www.mpitech.com\/mpi-tech\/\" rel=\"noopener\">MPI Tech\u00a0<\/a><\/strong><br \/>40 Rue du G\u00e9n\u00e9ral Malleret Joinville<br \/>94400 Vitry-sur-Seine<\/p>\n<p><i>SASU enregistr\u00e9e au RCS Cr\u00e9teil sous le num\u00e9ro B 391&nbsp;243&nbsp;466 au capital de&nbsp;: 39 000\u20ac.<\/i><br \/><i>Num\u00e9ro de TVA intracommunautaire&nbsp;: FR49391243466<br \/><\/i><i>SIRET&nbsp;: 39124346600011<\/i><\/p>\n<p>T\u00e9l&nbsp;: +33 (0)1 45 73 09 40<\/p>\n<p>Email de contact&nbsp;: <a href=\"mailto:info@mpitech.com\">info@mpitech.com<\/a><br \/>Directeur de la publication&nbsp;: Julien DAVID, Responsable Marketing Communication.<\/p>\n<p>.<\/p>\n<p>[\/et_pb_text][et_pb_text ul_item_indent=\u00a0\u00bb3em\u00a0\u00bb _builder_version=\u00a0\u00bb4.21.0&Prime; _module_preset=\u00a0\u00bbdefault\u00a0\u00bb text_line_height=\u00a0\u00bb1.9em\u00a0\u00bb ul_line_height=\u00a0\u00bb1.7em\u00a0\u00bb header_2_line_height=\u00a0\u00bb1.6em\u00a0\u00bb background_color=\u00a0\u00bbRGBA(255,255,255,0)\u00a0\u00bb custom_margin=\u00a0\u00bb||3em||false|false\u00a0\u00bb custom_padding=\u00a0\u00bb0.5em|2em|0.5em|2em|true|false\u00a0\u00bb border_radii=\u00a0\u00bboff|24px|4px|24px|4px\u00a0\u00bb global_colors_info=\u00a0\u00bb{}\u00a0\u00bb]<\/p>\n<h2>\u00a01. Conditions d\u2019utilisation<\/h2>\n<p><strong><\/strong>Le site accessible par les url suivants&nbsp;: <a href=\"\/\">https:\/\/www.mpitech.com<\/a><span>\u00a0<\/span>est exploit\u00e9 dans le respect de la l\u00e9gislation fran\u00e7aise. L\u2019utilisation de ce site est r\u00e9gie par les pr\u00e9sentes conditions g\u00e9n\u00e9rales. En utilisant le site, vous reconnaissez avoir pris connaissance de ces conditions et les avoir accept\u00e9es. Celles-ci pourront \u00eatre modifi\u00e9es \u00e0 tout moment et sans pr\u00e9avis par la soci\u00e9t\u00e9\u00a0<strong>MPI Tech <\/strong>.<br \/><strong>MPI Tech <\/strong>\u00a0ne saurait \u00eatre tenu pour responsable en aucune mani\u00e8re d\u2019une mauvaise utilisation du service.<\/p>\n<p>[\/et_pb_text][et_pb_text ul_item_indent=\u00a0\u00bb3em\u00a0\u00bb _builder_version=\u00a0\u00bb4.27.4&Prime; _module_preset=\u00a0\u00bbdefault\u00a0\u00bb text_line_height=\u00a0\u00bb1.9em\u00a0\u00bb ul_line_height=\u00a0\u00bb1.7em\u00a0\u00bb header_2_line_height=\u00a0\u00bb1.6em\u00a0\u00bb background_color=\u00a0\u00bbRGBA(255,255,255,0)\u00a0\u00bb custom_margin=\u00a0\u00bb||3em||false|false\u00a0\u00bb custom_padding=\u00a0\u00bb0.5em|2em|0.5em|2em|true|false\u00a0\u00bb border_radii=\u00a0\u00bboff|24px|4px|24px|4px\u00a0\u00bb global_colors_info=\u00a0\u00bb{}\u00a0\u00bb]<\/p>\n<h2>2. Responsable \u00e9ditorial &amp; H\u00e9bergeur<\/h2>\n<p>Directeur de la publication&nbsp;: Julien DAVID.<\/p>\n<p>H\u00e9bergement&nbsp;:<br \/>Kinsta Inc.<br \/>8605 Santa Monica Blvd #92581<br \/>West Hollywood, CA 90069<br \/>+44 808 2583 915<\/p>\n<p><span>Pour toute question relative \u00e0 la s\u00e9curit\u00e9\u00a0:\u00a0<\/span><a href=\"mailto:threatmanagement@mpitech.com\">threatmanagement@mpitech.com<\/a><\/p>\n<p>[\/et_pb_text][et_pb_text ul_item_indent=\u00a0\u00bb3em\u00a0\u00bb _builder_version=\u00a0\u00bb4.20.2&Prime; _module_preset=\u00a0\u00bbdefault\u00a0\u00bb text_line_height=\u00a0\u00bb1.9em\u00a0\u00bb ul_line_height=\u00a0\u00bb1.7em\u00a0\u00bb header_2_line_height=\u00a0\u00bb1.6em\u00a0\u00bb background_color=\u00a0\u00bbRGBA(255,255,255,0)\u00a0\u00bb custom_margin=\u00a0\u00bb||3em||false|false\u00a0\u00bb custom_padding=\u00a0\u00bb0.5em|2em|0.5em|2em|true|false\u00a0\u00bb border_radii=\u00a0\u00bboff|24px|4px|24px|4px\u00a0\u00bb global_colors_info=\u00a0\u00bb{}\u00a0\u00bb]<\/p>\n<h2>\u00a03. Limite de responsabilit\u00e9<\/h2>\n<p><strong><\/strong>Les informations contenues sur ce site sont aussi pr\u00e9cises que possibles et le site est p\u00e9riodiquement remis \u00e0 jour, mais peut toutefois contenir des inexactitudes, des omissions ou des lacunes. Si vous constatez une lacune, erreur ou ce qui parait \u00eatre un dysfonctionnement, merci de bien vouloir le signaler par email en d\u00e9crivant le probl\u00e8me de la mani\u00e8re la plus pr\u00e9cise possible (page posant probl\u00e8me, action d\u00e9clenchante, type d\u2019ordinateur et de navigateur utilis\u00e9, etc.).<\/p>\n<p>Tout contenu t\u00e9l\u00e9charg\u00e9 se fait aux risques et p\u00e9rils de l\u2019utilisateur et sous sa seule responsabilit\u00e9. En cons\u00e9quence,<span>\u00a0<\/span><strong>MPI Tech <\/strong>\u00a0ne saurait \u00eatre tenu responsable d\u2019un quelconque dommage subi par l\u2019ordinateur de l\u2019utilisateur ou d\u2019une quelconque perte de donn\u00e9es cons\u00e9cutives au t\u00e9l\u00e9chargement.<\/p>\n<p>Les photos sont non contractuelles.<\/p>\n<p>Les liens hypertextes mis en place dans le cadre du pr\u00e9sent site internet en direction d\u2019autres ressources pr\u00e9sentes sur le r\u00e9seau Internet ne sauraient engager la responsabilit\u00e9 de<span>\u00a0<\/span><strong>MPI Tech<\/strong>.<\/p>\n<p>[\/et_pb_text][et_pb_text ul_item_indent=\u00a0\u00bb3em\u00a0\u00bb _builder_version=\u00a0\u00bb4.21.0&Prime; _module_preset=\u00a0\u00bbdefault\u00a0\u00bb text_line_height=\u00a0\u00bb1.9em\u00a0\u00bb ul_line_height=\u00a0\u00bb1.7em\u00a0\u00bb header_2_line_height=\u00a0\u00bb1.6em\u00a0\u00bb background_color=\u00a0\u00bbRGBA(255,255,255,0)\u00a0\u00bb custom_margin=\u00a0\u00bb||3em||false|false\u00a0\u00bb custom_padding=\u00a0\u00bb0.5em|2em|0.5em|2em|true|false\u00a0\u00bb border_radii=\u00a0\u00bboff|24px|4px|24px|4px\u00a0\u00bb global_colors_info=\u00a0\u00bb{}\u00a0\u00bb]<\/p>\n<h2>4. Donn\u00e9es personnelles<\/h2>\n<p>Aucune information personnelle recueillie sur le pr\u00e9sent site n\u2019est c\u00e9d\u00e9e \u00e0 des tiers.<\/p>\n<p align=\"left\">En application de la loi n\u00b0 78-17 du 6 janvier 1978 relative \u00e0 l\u2019informatique, aux fichiers et aux libert\u00e9s, chaque membre dispose des droits d\u2019opposition, d\u2019acc\u00e8s et de rectification des donn\u00e9es qu\u2019il a fourni dans le cadre de l\u2019ouverture de son compte sur le site <a href=\"\/\">https:\/\/www.mpitech.com<\/a>\u00a0 Pour rectifier, compl\u00e9ter, effacer ces informations, il suffit de nous adresser une simple demande par mail \u00e0&nbsp;: <a href=\"mailto:info@mpitech.com\">info@mpitech.com<\/a>. Pour plus d\u2019informations, consultez notre<span>\u00a0<\/span><a href=\"https:\/\/www.mpitech.com\/fr\/politique-de-confidentialite\/\">politique de confidentialit\u00e9<\/a>.<\/p>\n<p>[\/et_pb_text][et_pb_text ul_item_indent=\u00a0\u00bb3em\u00a0\u00bb _builder_version=\u00a0\u00bb4.20.2&Prime; _module_preset=\u00a0\u00bbdefault\u00a0\u00bb text_line_height=\u00a0\u00bb1.9em\u00a0\u00bb ul_line_height=\u00a0\u00bb1.7em\u00a0\u00bb header_2_line_height=\u00a0\u00bb1.6em\u00a0\u00bb background_color=\u00a0\u00bbRGBA(255,255,255,0)\u00a0\u00bb custom_margin=\u00a0\u00bb||3em||false|false\u00a0\u00bb custom_padding=\u00a0\u00bb0.5em|2em|0.5em|2em|true|false\u00a0\u00bb border_radii=\u00a0\u00bboff|24px|4px|24px|4px\u00a0\u00bb global_colors_info=\u00a0\u00bb{}\u00a0\u00bb]<\/p>\n<h2>5. Informations et exclusion<\/h2>\n<p><strong>MPI Tech <\/strong>\u00a0met en oeuvre tous les moyens dont elle dispose, pour assurer une information fiable et une mise \u00e0 jour fiable de ses sites internet. Toutefois, des erreurs ou omissions peuvent survenir. L\u2019internaute devra donc s\u2019assurer de l\u2019exactitude des informations aupr\u00e8s de<span>\u00a0<\/span><strong>MPI Tech<\/strong>, et signaler toutes modifications du site qu\u2019il jugerait utile.<span>\u00a0<\/span><strong>MPI Tech <\/strong>\u00a0n\u2019est en aucun cas responsable de l\u2019utilisation faite de ces informations, et de tout pr\u00e9judice direct ou indirect pouvant en d\u00e9couler.<\/p>\n<p>[\/et_pb_text][et_pb_text ul_item_indent=\u00a0\u00bb3em\u00a0\u00bb _builder_version=\u00a0\u00bb4.21.0&Prime; _module_preset=\u00a0\u00bbdefault\u00a0\u00bb text_line_height=\u00a0\u00bb1.9em\u00a0\u00bb ul_line_height=\u00a0\u00bb1.7em\u00a0\u00bb header_2_line_height=\u00a0\u00bb1.6em\u00a0\u00bb background_color=\u00a0\u00bbRGBA(255,255,255,0)\u00a0\u00bb custom_margin=\u00a0\u00bb||3em||false|false\u00a0\u00bb custom_padding=\u00a0\u00bb0.5em|2em|0.5em|2em|true|false\u00a0\u00bb border_radii=\u00a0\u00bboff|24px|4px|24px|4px\u00a0\u00bb global_colors_info=\u00a0\u00bb{}\u00a0\u00bb]<\/p>\n<h2>6. Propri\u00e9t\u00e9 intellectuelle<\/h2>\n<p align=\"left\">Les informations, images et textes contenus dans ce serveur sont la propri\u00e9t\u00e9 de la soci\u00e9t\u00e9<span>\u00a0<\/span><strong>MPI Tech, tout usage est consid\u00e9r\u00e9 comme illicite et pourra faire l\u2019objet de poursuites judiciaires.<\/strong><\/p>\n<p align=\"left\">L\u2019utilisation des textes n&rsquo;est possible sur d\u2019autres sites qu&rsquo;aux conditions suivantes&nbsp;:<\/p>\n<ol>\n<li align=\"left\">de n\u2019\u00eatre que partielle,<\/li>\n<li align=\"left\">de citer la source et l\u2019auteur du texte,<\/li>\n<li align=\"left\">d\u2019afficher l\u2019adresse du site mpitech.com<\/li>\n<li align=\"left\">d\u2019inclure un lien hypertexte direct vers le texte sur le site, lien ne devant pas \u00eatre ouvert dans un frame (cadre) du site d\u2019origine.<\/li>\n<\/ol>\n<p align=\"left\">En outre, il est important de noter que nos produits logiciels et mat\u00e9riels sont prot\u00e9g\u00e9s par des marques d\u00e9pos\u00e9es. Le symbole de la marque ne sera utilis\u00e9 que la premi\u00e8re fois qu&rsquo;il appara\u00eetra sur une page, conform\u00e9ment \u00e0 nos conditions l\u00e9gales d&rsquo;utilisation.<\/p>\n<p>[\/et_pb_text][et_pb_text ul_item_indent=\u00a0\u00bb3em\u00a0\u00bb _builder_version=\u00a0\u00bb4.21.0&Prime; _module_preset=\u00a0\u00bbdefault\u00a0\u00bb text_line_height=\u00a0\u00bb1.9em\u00a0\u00bb ul_line_height=\u00a0\u00bb1.7em\u00a0\u00bb header_2_line_height=\u00a0\u00bb1.6em\u00a0\u00bb background_color=\u00a0\u00bbRGBA(255,255,255,0)\u00a0\u00bb custom_margin=\u00a0\u00bb||3em||false|false\u00a0\u00bb custom_padding=\u00a0\u00bb0.5em|2em|0.5em|2em|true|false\u00a0\u00bb border_radii=\u00a0\u00bboff|24px|4px|24px|4px\u00a0\u00bb global_colors_info=\u00a0\u00bb{}\u00a0\u00bb]<\/p>\n<h2>7. Contactez-nous<\/h2>\n<p><strong>MPI Tech <\/strong>\u00a0est \u00e0 votre disposition pour tous vos commentaires ou suggestions. Vous pouvez nous \u00e9crire en fran\u00e7ais par courrier \u00e9lectronique \u00e0&nbsp;: <a href=\"mailto:info@mpitech.com\">info@mpitech.com<\/a>.<\/p>\n<p>[\/et_pb_text][\/et_pb_column][\/et_pb_row][\/et_pb_section]<\/p>","protected":false},"excerpt":{"rendered":"<p>Mentions l\u00e9galesMPI Tech\u00a0 <nav aria-label=\"breadcrumbs\" class=\"rank-math-breadcrumb\"><p><span class=\"last\">Accueil<\/span><\/p><\/nav>Conception du site MPI Tech\u00a040 Rue du G\u00e9n\u00e9ral Malleret Joinville94400 Vitry-sur-Seine SASU enregistr\u00e9e au RCS Cr\u00e9teil sous le num\u00e9ro B 391&nbsp;243&nbsp;466 au capital de&nbsp;: 39 000\u20ac.Num\u00e9ro de TVA intracommunautaire&nbsp;: FR49391243466SIRET&nbsp;: 39124346600011 T\u00e9l&nbsp;: +33 (0)1 45 73 09 40 Email de contact&nbsp;: info@mpitech.comDirecteur de la publication [&hellip;]<\/p>","protected":false},"author":2,"featured_media":249956,"parent":0,"menu_order":0,"comment_status":"closed","ping_status":"closed","template":"","meta":{"_et_pb_use_builder":"on","_et_pb_old_content":"<!-- wp:divi\/placeholder \/-->","_et_gb_content_width":"","_searchwp_excluded":"","footnotes":""},"class_list":["post-48","page","type-page","status-publish","has-post-thumbnail","hentry"],"_links":{"self":[{"href":"https:\/\/www.mpitech.com\/fr\/wp-json\/wp\/v2\/pages\/48","targetHints":{"allow":["GET"]}}],"collection":[{"href":"https:\/\/www.mpitech.com\/fr\/wp-json\/wp\/v2\/pages"}],"about":[{"href":"https:\/\/www.mpitech.com\/fr\/wp-json\/wp\/v2\/types\/page"}],"author":[{"embeddable":true,"href":"https:\/\/www.mpitech.com\/fr\/wp-json\/wp\/v2\/users\/2"}],"replies":[{"embeddable":true,"href":"https:\/\/www.mpitech.com\/fr\/wp-json\/wp\/v2\/comments?post=48"}],"version-history":[{"count":0,"href":"https:\/\/www.mpitech.com\/fr\/wp-json\/wp\/v2\/pages\/48\/revisions"}],"wp:featuredmedia":[{"embeddable":true,"href":"https:\/\/www.mpitech.com\/fr\/wp-json\/wp\/v2\/media\/249956"}],"wp:attachment":[{"href":"https:\/\/www.mpitech.com\/fr\/wp-json\/wp\/v2\/media?parent=48"}],"curies":[{"name":"wp","href":"https:\/\/api.w.org\/{rel}","templated":true}]}}